{"id":13010,"date":"2021-03-04T13:20:03","date_gmt":"2021-03-04T12:20:03","guid":{"rendered":"https:\/\/top-pol.pl\/bml-etiketten\/"},"modified":"2024-01-11T11:19:43","modified_gmt":"2024-01-11T10:19:43","slug":"bml-etiketten","status":"publish","type":"page","link":"https:\/\/top-pol.pl\/de\/bml-etiketten\/","title":{"rendered":"BML-Etiketten"},"content":{"rendered":"\n[et_pb_section fb_built=&#8220;1&#8243; _builder_version=&#8220;4.9.2&#8243; _module_preset=&#8220;default&#8220; background_color=&#8220;#3644af&#8220; custom_padding=&#8220;26px||0px|||&#8220;][et_pb_row _builder_version=&#8220;4.8.1&#8243; _module_preset=&#8220;default&#8220; custom_margin=&#8220;6px|auto||auto|false|false&#8220; locked=&#8220;off&#8220;][et_pb_column type=&#8220;4_4&#8243; _builder_version=&#8220;4.8.1&#8243; _module_preset=&#8220;default&#8220;][et_pb_text _builder_version=&#8220;4.9.2&#8243; text_font=&#8220;Open Sans||||||||&#8220; text_text_color=&#8220;#444444&#8243; text_font_size=&#8220;18px&#8220; text_line_height=&#8220;1.8em&#8220; header_font=&#8220;Open Sans|300|||||||&#8220; header_text_color=&#8220;#FFFFFF&#8220; header_font_size=&#8220;44px&#8220; header_line_height=&#8220;1.3em&#8220; header_2_font=&#8220;Open Sans|700|||||||&#8220; header_2_text_align=&#8220;center&#8220; header_2_font_size=&#8220;44px&#8220; header_3_font=&#8220;||||||||&#8220; header_4_font=&#8220;||||||||&#8220; background_layout=&#8220;dark&#8220; custom_margin=&#8220;30px||0px|||&#8220; custom_padding=&#8220;|||||true&#8220; custom_padding_tablet=&#8220;&#8220; custom_padding_phone=&#8220;|50px||50px|false|true&#8220; custom_padding_last_edited=&#8220;on|phone&#8220; header_font_size_tablet=&#8220;&#8220; header_font_size_phone=&#8220;30px&#8220; header_font_size_last_edited=&#8220;on|phone&#8220; header_2_font_size_tablet=&#8220;&#8220; header_2_font_size_phone=&#8220;30px&#8220; header_2_font_size_last_edited=&#8220;on|phone&#8220; locked=&#8220;off&#8220;]<h1 style=\"text-align: center;\"><b>BML<\/b>-Etiketten<\/h1> [\/et_pb_text][et_pb_image src=&#8220;https:\/\/top-pol.pl\/wp-content\/uploads\/2021\/04\/BML-nowy.png&#8220; title_text=&#8220;BML neu&#8220; align=&#8220;center&#8220; _builder_version=&#8220;4.9.2&#8243; _module_preset=&#8220;default&#8220; width=&#8220;22%&#8220; width_tablet=&#8220;&#8220; width_phone=&#8220;50%&#8220; width_last_edited=&#8220;on|phone&#8220; module_alignment=&#8220;center&#8220; scroll_scaling_enable=&#8220;on&#8220; scroll_scaling=&#8220;0|50|50|100|70|100|70%&#8220; hover_enabled=&#8220;0&#8243; sticky_enabled=&#8220;0&#8243;][\/et_pb_image][\/et_pb_column][\/et_pb_row][\/et_pb_section][et_pb_section fb_built=&#8220;1&#8243; _builder_version=&#8220;3.22&#8243; custom_padding=&#8220;||4px|||&#8220;][et_pb_row _builder_version=&#8220;4.8.1&#8243; _module_preset=&#8220;default&#8220; custom_padding=&#8220;3px||5px||false|false&#8220; locked=&#8220;off&#8220;][et_pb_column type=&#8220;4_4&#8243; _builder_version=&#8220;4.8.1&#8243; _module_preset=&#8220;default&#8220;][et_pb_text _builder_version=&#8220;4.9.2&#8243; text_font=&#8220;Open Sans||||||||&#8220; text_text_color=&#8220;#444444&#8243; text_font_size=&#8220;18px&#8220; text_line_height=&#8220;1.8em&#8220; header_font=&#8220;Montserrat|300|||||||&#8220; header_text_color=&#8220;#444444&#8243; header_line_height=&#8220;1.3em&#8220; header_2_font=&#8220;||||||||&#8220; header_3_font=&#8220;||||||||&#8220; header_4_font=&#8220;||||||||&#8220; background_layout=&#8220;dark&#8220; header_text_align_tablet=&#8220;&#8220; header_text_align_phone=&#8220;&#8220; header_text_align_last_edited=&#8220;on|phone&#8220; header_font_size_tablet=&#8220;&#8220; header_font_size_phone=&#8220;24px&#8220; header_font_size_last_edited=&#8220;on|phone&#8220;]<p>Mit <strong>BML<\/strong>-Etiketten werden Verpackungen gekennzeichnet, die im Blasformverfahren hergestellt werden. d.h. Blasformen. Mit dieser Technik werden hohle Kunststoffelemente, beispielsweise Flaschen, hergestellt. Beim Blasformen wird eine erhitzte fl\u00fcssige Masse in eine Form extrudiert. Das Material dehnt sich aus und nimmt die Form der Form an. Blasformen ist eine Technik zur Herstellung von Fl\u00fcssigkeitsbeh\u00e4ltern.<\/p>[\/et_pb_text][et_pb_text _builder_version=&#8220;4.9.2&#8243; text_font=&#8220;Open Sans||||||||&#8220; text_text_color=&#8220;#444444&#8243; text_font_size=&#8220;18px&#8220; text_line_height=&#8220;1.8em&#8220; header_font=&#8220;Montserrat|300|||||||&#8220; header_text_color=&#8220;#444444&#8243; header_line_height=&#8220;1.3em&#8220; header_2_font=&#8220;||||||||&#8220; header_3_font=&#8220;||||||||&#8220; header_4_font=&#8220;||||||||&#8220; background_layout=&#8220;dark&#8220; header_font_size_tablet=&#8220;&#8220; header_font_size_phone=&#8220;24px&#8220; header_font_size_last_edited=&#8220;on|phone&#8220;]<p style=\"text-align: left;\">Das <strong>BML<\/strong>-Etiketten passt perfekt in diese Art von Verpackung. Da bei <strong>IML<\/strong>-Etiketten sowohl die Verpackung als auch das Etikett aus demselben Material bestehen, k\u00f6nnen sie problemlos recycelt werden, wodurch die H\u00f6he der Produktgeb\u00fchren nach dem neuen Umweltschutzgesetz erheblich gesenkt wird.<\/p>\n<p>&nbsp;<\/p>[\/et_pb_text][\/et_pb_column][\/et_pb_row][\/et_pb_section]\n","protected":false},"excerpt":{"rendered":"<p>BML-Etiketten Mit BML-Etiketten werden Verpackungen gekennzeichnet, die im Blasformverfahren hergestellt werden. d.h. Blasformen. Mit dieser Technik werden hohle Kunststoffelemente, beispielsweise Flaschen, hergestellt. Beim Blasformen wird eine erhitzte fl\u00fcssige Masse in eine Form extrudiert. Das Material dehnt sich aus und nimmt die Form der Form an. Blasformen ist eine Technik zur Herstellung von Fl\u00fcssigkeitsbeh\u00e4ltern.Das BML-Etiketten passt [&hellip;]<\/p>\n","protected":false},"author":1,"featured_media":0,"parent":0,"menu_order":0,"comment_status":"closed","ping_status":"closed","template":"","meta":{"_et_pb_use_builder":"on","_et_pb_old_content":"","_et_gb_content_width":"","footnotes":""},"class_list":["post-13010","page","type-page","status-publish","hentry"],"_links":{"self":[{"href":"https:\/\/top-pol.pl\/de\/wp-json\/wp\/v2\/pages\/13010","targetHints":{"allow":["GET"]}}],"collection":[{"href":"https:\/\/top-pol.pl\/de\/wp-json\/wp\/v2\/pages"}],"about":[{"href":"https:\/\/top-pol.pl\/de\/wp-json\/wp\/v2\/types\/page"}],"author":[{"embeddable":true,"href":"https:\/\/top-pol.pl\/de\/wp-json\/wp\/v2\/users\/1"}],"replies":[{"embeddable":true,"href":"https:\/\/top-pol.pl\/de\/wp-json\/wp\/v2\/comments?post=13010"}],"version-history":[{"count":3,"href":"https:\/\/top-pol.pl\/de\/wp-json\/wp\/v2\/pages\/13010\/revisions"}],"predecessor-version":[{"id":13013,"href":"https:\/\/top-pol.pl\/de\/wp-json\/wp\/v2\/pages\/13010\/revisions\/13013"}],"wp:attachment":[{"href":"https:\/\/top-pol.pl\/de\/wp-json\/wp\/v2\/media?parent=13010"}],"curies":[{"name":"wp","href":"https:\/\/api.w.org\/{rel}","templated":true}]}}