{"id":13014,"date":"2021-02-18T09:10:54","date_gmt":"2021-02-18T08:10:54","guid":{"rendered":"https:\/\/top-pol.pl\/iml-etiketten\/"},"modified":"2024-01-11T11:21:48","modified_gmt":"2024-01-11T10:21:48","slug":"iml-etiketten","status":"publish","type":"page","link":"https:\/\/top-pol.pl\/de\/iml-etiketten\/","title":{"rendered":"IML-Etiketten"},"content":{"rendered":"<p>[et_pb_section fb_built=&#8220;1&#8243; _builder_version=&#8220;4.16&#8243; background_color=&#8220;#3644af&#8220; custom_padding=&#8220;26px||0px|||&#8220; global_colors_info=&#8220;{}&#8220;][et_pb_row _builder_version=&#8220;4.16&#8243; _module_preset=&#8220;default&#8220; custom_margin=&#8220;17px|auto||auto|false|false&#8220; locked=&#8220;off&#8220; global_colors_info=&#8220;{}&#8220;][et_pb_column type=&#8220;4_4&#8243; _builder_version=&#8220;4.16&#8243; _module_preset=&#8220;default&#8220; global_colors_info=&#8220;{}&#8220;][et_pb_text _builder_version=&#8220;4.16&#8243; text_font=&#8220;Open Sans||||||||&#8220; text_text_color=&#8220;#444444&#8243; text_font_size=&#8220;18px&#8220; text_line_height=&#8220;1.8em&#8220; header_font=&#8220;Open Sans|300|||||||&#8220; header_text_color=&#8220;#FFFFFF&#8220; header_font_size=&#8220;44px&#8220; header_line_height=&#8220;1.3em&#8220; header_2_font=&#8220;Open Sans|700|||||||&#8220; header_2_text_align=&#8220;center&#8220; header_2_font_size=&#8220;44px&#8220; header_3_font=&#8220;||||||||&#8220; header_4_font=&#8220;||||||||&#8220; background_layout=&#8220;dark&#8220; custom_margin=&#8220;30px||0px|||&#8220; custom_padding=&#8220;|||||true&#8220; custom_padding_tablet=&#8220;&#8220; custom_padding_phone=&#8220;|50px||50px|false|true&#8220; custom_padding_last_edited=&#8220;on|phone&#8220; header_font_size_tablet=&#8220;&#8220; header_font_size_phone=&#8220;30px&#8220; header_font_size_last_edited=&#8220;on|phone&#8220; header_2_font_size_tablet=&#8220;&#8220; header_2_font_size_phone=&#8220;30px&#8220; header_2_font_size_last_edited=&#8220;on|phone&#8220; global_colors_info=&#8220;{}&#8220;]<\/p>\n<h1 style=\"text-align: center;\"><b>IML <\/b>Labels<\/h1>\n<p>&nbsp;<\/p>\n<p>[\/et_pb_text][et_pb_image src=&#8220;https:\/\/top-pol.pl\/wp-content\/uploads\/2021\/04\/iml.png&#8220; title_text=&#8220;iml&#8220; _builder_version=&#8220;4.16&#8243; _module_preset=&#8220;default&#8220; width=&#8220;70%&#8220; module_alignment=&#8220;center&#8220; scroll_scaling_enable=&#8220;on&#8220; scroll_scaling=&#8220;0|50|50|100|70|100|70%&#8220; global_colors_info=&#8220;{}&#8220;][\/et_pb_image][\/et_pb_column][\/et_pb_row][\/et_pb_section][et_pb_section fb_built=&#8220;1&#8243; _builder_version=&#8220;4.16&#8243; _module_preset=&#8220;default&#8220; custom_margin=&#8220;50px|||||&#8220; custom_padding=&#8220;0px||7px|||&#8220; global_colors_info=&#8220;{}&#8220;][et_pb_row _builder_version=&#8220;4.16&#8243; _module_preset=&#8220;default&#8220; custom_margin=&#8220;-9px|auto||auto||&#8220; custom_padding=&#8220;5px||50px||false|false&#8220; locked=&#8220;off&#8220; global_colors_info=&#8220;{}&#8220;][et_pb_column type=&#8220;4_4&#8243; _builder_version=&#8220;4.16&#8243; _module_preset=&#8220;default&#8220; global_colors_info=&#8220;{}&#8220;][et_pb_text _builder_version=&#8220;4.16&#8243; text_font=&#8220;Open Sans||||||||&#8220; text_text_color=&#8220;#444444&#8243; text_font_size=&#8220;18px&#8220; text_line_height=&#8220;1.8em&#8220; header_font=&#8220;Montserrat|300|||||||&#8220; header_text_color=&#8220;#444444&#8243; header_line_height=&#8220;1.3em&#8220; header_2_font=&#8220;||||||||&#8220; header_3_font=&#8220;||||||||&#8220; header_4_font=&#8220;||||||||&#8220; background_layout=&#8220;dark&#8220; header_font_size_tablet=&#8220;&#8220; header_font_size_phone=&#8220;24px&#8220; header_font_size_last_edited=&#8220;on|phone&#8220; global_colors_info=&#8220;{}&#8220; custom_padding=&#8220;||0px|||&#8220;]<\/p>\n<p>Wir freuen uns, Ihnen die neueste Generation von Etiketten anbieten zu k\u00f6nnen, die im IN-MOULD-LABELING-Spritzverfahren mit dem Untergrund verbunden werden. Bei der IML-Technologie wird das Etikett direkt w\u00e4hrend des Verpackungsherstellungsprozesses mit der Verpackung verbunden und in der fl\u00fcssigen Phase mit dieser verbunden.<\/p>\n<p>Da sowohl die Verpackung als auch das Etikett aus dem gleichen Material bestehen, k\u00f6nnen sie problemlos recycelt werden, wodurch die H\u00f6he der Produktgeb\u00fchren nach dem neuen Umweltschutzgesetz deutlich reduziert wird. Bei der Zusammenarbeit mit einigen Sanierungsorganisationen k\u00f6nnen diese Kosten sogar um mehr als 30 % (!) geringer ausfallen. Allerdings muss ein f\u00fcr den Einsatz im IML-Verfahren geeignetes Etikett viele technische Anforderungen erf\u00fcllen. Es muss sich unter anderem durch eine entsprechende Elektrostatik, W\u00e4rmeleitung, Luftdurchl\u00e4ssigkeit und die erforderliche Steifigkeit auszeichnen.<\/p>\n<p>Die von uns angebotenen Etiketten erf\u00fcllen alle Anforderungen der IN MOLD LABELING-Technologie und das verwendete Substrat wird bei sehr hohen Temperaturen perfekt und ohne Nebenwirkungen vulkanisiert. Gleichzeitig gew\u00e4hrleisten wir h\u00f6chste Qualit\u00e4t des Drucks, der weder bei der Herstellung der Verpackung noch beim Verpacken der Produkte beim Kunden besch\u00e4digt wird.<\/p>\n<p>In unserem Grafikstudio realisieren wir selbst die anspruchsvollsten Projekte, deren Erstellung einen komplexen technologischen Prozess erfordert.<\/p>\n<p><strong>EAN-Codes auf Etiketten werden auf Konformit\u00e4t mit der ISO-Norm \u00fcberpr\u00fcft.<\/strong><\/p>\n<p>[\/et_pb_text][\/et_pb_column][\/et_pb_row][\/et_pb_section]<\/p>\n","protected":false},"excerpt":{"rendered":"<p>IML Labels &nbsp;Wir freuen uns, Ihnen die neueste Generation von Etiketten anbieten zu k\u00f6nnen, die im IN-MOULD-LABELING-Spritzverfahren mit dem Untergrund verbunden werden. Bei der IML-Technologie wird das Etikett direkt w\u00e4hrend des Verpackungsherstellungsprozesses mit der Verpackung verbunden und in der fl\u00fcssigen Phase mit dieser verbunden. Da sowohl die Verpackung als auch das Etikett aus dem gleichen [&hellip;]<\/p>\n","protected":false},"author":1,"featured_media":0,"parent":0,"menu_order":0,"comment_status":"closed","ping_status":"closed","template":"","meta":{"_et_pb_use_builder":"on","_et_pb_old_content":"","_et_gb_content_width":"","footnotes":""},"class_list":["post-13014","page","type-page","status-publish","hentry"],"_links":{"self":[{"href":"https:\/\/top-pol.pl\/de\/wp-json\/wp\/v2\/pages\/13014","targetHints":{"allow":["GET"]}}],"collection":[{"href":"https:\/\/top-pol.pl\/de\/wp-json\/wp\/v2\/pages"}],"about":[{"href":"https:\/\/top-pol.pl\/de\/wp-json\/wp\/v2\/types\/page"}],"author":[{"embeddable":true,"href":"https:\/\/top-pol.pl\/de\/wp-json\/wp\/v2\/users\/1"}],"replies":[{"embeddable":true,"href":"https:\/\/top-pol.pl\/de\/wp-json\/wp\/v2\/comments?post=13014"}],"version-history":[{"count":5,"href":"https:\/\/top-pol.pl\/de\/wp-json\/wp\/v2\/pages\/13014\/revisions"}],"predecessor-version":[{"id":13019,"href":"https:\/\/top-pol.pl\/de\/wp-json\/wp\/v2\/pages\/13014\/revisions\/13019"}],"wp:attachment":[{"href":"https:\/\/top-pol.pl\/de\/wp-json\/wp\/v2\/media?parent=13014"}],"curies":[{"name":"wp","href":"https:\/\/api.w.org\/{rel}","templated":true}]}}