{"id":13027,"date":"2021-02-18T09:39:55","date_gmt":"2021-02-18T08:39:55","guid":{"rendered":"https:\/\/top-pol.pl\/transparente-pet-etiketten\/"},"modified":"2024-01-11T11:30:29","modified_gmt":"2024-01-11T10:30:29","slug":"transparente-pet-etiketten","status":"publish","type":"page","link":"https:\/\/top-pol.pl\/de\/transparente-pet-etiketten\/","title":{"rendered":"Transparente PET-Etiketten"},"content":{"rendered":"<p>[et_pb_section fb_built=&#8220;1&#8243; _builder_version=&#8220;4.16&#8243; _module_preset=&#8220;default&#8220; background_color=&#8220;#3644af&#8220; min_height=&#8220;562.7px&#8220; custom_padding=&#8220;||40px|||&#8220; locked=&#8220;off&#8220; global_colors_info=&#8220;{}&#8220;][et_pb_row _builder_version=&#8220;4.16&#8243; _module_preset=&#8220;default&#8220; global_colors_info=&#8220;{}&#8220;][et_pb_column type=&#8220;4_4&#8243; _builder_version=&#8220;4.16&#8243; _module_preset=&#8220;default&#8220; global_colors_info=&#8220;{}&#8220;][et_pb_text _builder_version=&#8220;4.16&#8243; text_font=&#8220;Open Sans||||||||&#8220; text_text_color=&#8220;#444444&#8243; text_font_size=&#8220;18px&#8220; text_line_height=&#8220;1.8em&#8220; header_font=&#8220;Open Sans|300|||||||&#8220; header_text_color=&#8220;#FFFFFF&#8220; header_font_size=&#8220;44px&#8220; header_line_height=&#8220;1.3em&#8220; header_2_font=&#8220;Open Sans|700|||||||&#8220; header_2_text_align=&#8220;center&#8220; header_2_font_size=&#8220;44px&#8220; header_3_font=&#8220;||||||||&#8220; header_4_font=&#8220;||||||||&#8220; background_layout=&#8220;dark&#8220; min_height=&#8220;10.2px&#8220; custom_margin=&#8220;30px||0px|||&#8220; custom_padding=&#8220;|||||true&#8220; custom_padding_tablet=&#8220;&#8220; custom_padding_phone=&#8220;|50px||50px|false|true&#8220; custom_padding_last_edited=&#8220;on|phone&#8220; header_font_size_tablet=&#8220;&#8220; header_font_size_phone=&#8220;24px&#8220; header_font_size_last_edited=&#8220;on|phone&#8220; header_2_font_size_tablet=&#8220;&#8220; header_2_font_size_phone=&#8220;23px&#8220; header_2_font_size_last_edited=&#8220;on|phone&#8220; global_colors_info=&#8220;{}&#8220;]<\/p>\n<h1 style=\"text-align: center;\"><strong>Transparent PET<\/strong><\/h1>\n<p>[\/et_pb_text][et_pb_image src=&#8220;https:\/\/top-pol.pl\/wp-content\/uploads\/2021\/10\/transparent-4-3.png&#8220; title_text=&#8220;transparent 4&#8243; _builder_version=&#8220;4.16&#8243; _module_preset=&#8220;default&#8220; width=&#8220;60%&#8220; module_alignment=&#8220;center&#8220; custom_margin=&#8220;||-100px||false|false&#8220; custom_margin_tablet=&#8220;&#8220; custom_margin_phone=&#8220;||0px||false|false&#8220; custom_margin_last_edited=&#8220;on|phone&#8220; scroll_scaling_enable=&#8220;on&#8220; scroll_scaling=&#8220;0|50|50|100|70|100|70%&#8220; border_radii=&#8220;on|6px|6px|6px|6px&#8220; global_colors_info=&#8220;{}&#8220;][\/et_pb_image][\/et_pb_column][\/et_pb_row][\/et_pb_section][et_pb_section fb_built=&#8220;1&#8243; _builder_version=&#8220;4.16&#8243; global_colors_info=&#8220;{}&#8220;][et_pb_row _builder_version=&#8220;4.16&#8243; _module_preset=&#8220;default&#8220; custom_margin=&#8220;3px|auto||auto|false|false&#8220; locked=&#8220;off&#8220; global_colors_info=&#8220;{}&#8220;][et_pb_column type=&#8220;4_4&#8243; _builder_version=&#8220;4.16&#8243; _module_preset=&#8220;default&#8220; global_colors_info=&#8220;{}&#8220;][et_pb_text _builder_version=&#8220;4.16&#8243; text_font=&#8220;Open Sans||||||||&#8220; text_text_color=&#8220;#444444&#8243; text_font_size=&#8220;18px&#8220; text_line_height=&#8220;1.8em&#8220; header_font=&#8220;Montserrat|300|||||||&#8220; header_text_color=&#8220;#444444&#8243; header_line_height=&#8220;1.3em&#8220; header_2_font=&#8220;||||||||&#8220; header_3_font=&#8220;||||||||&#8220; header_4_font=&#8220;||||||||&#8220; background_layout=&#8220;dark&#8220; header_font_size_tablet=&#8220;&#8220; header_font_size_phone=&#8220;24px&#8220; header_font_size_last_edited=&#8220;on|phone&#8220; global_colors_info=&#8220;{}&#8220; custom_padding=&#8220;||0px|||&#8220;]<\/p>\n<p>Durch die Entwicklung unserer Drucktechnologie auf nicht saugf\u00e4higen Materialien f\u00fcr schnell rotierende Verpackungen haben wir transparente <strong>PET<\/strong>-Folien in unser Produktsortiment aufgenommen.<\/p>\n<p>Durch die Umsetzung einer solchen L\u00f6sung steht den Kunden ein v\u00f6llig neues, breites Spektrum teilgedruckter Platinprodukte auf transparentem PET in verschiedenen St\u00e4rken und beliebigen Formen zur Verf\u00fcgung. Die so entstandenen Plaketten erm\u00f6glichen eine bessere Pr\u00e4sentation der unter einem solchen Deckel verschlossenen Produkte. Die M\u00f6glichkeit, Lebensmittel wie Eis, Rohkostsalate oder beliebige Kosmetikprodukte in einer geschlossenen Verpackung zu pr\u00e4sentieren, steigert die Kreativit\u00e4t eines bestimmten Produkts auf dem Markt erheblich. Der Einsatz moderner L\u00f6sungen beim Drucken auf transparentem Material erm\u00f6glicht eine sehr gute Qualit\u00e4t des reproduzierten Bildes bei gleichzeitiger Pr\u00e4sentation des in der Verpackung eingeschlossenen Produkts unter einem solchen Deckel.<\/p>\n<p>Die angebotenen transparenten <strong>PET<\/strong>-Deckel weisen die gleiche hohe mechanische Widerstandsf\u00e4higkeit gegen Besch\u00e4digungen und Barriere gegen das Eindringen von Gas auf wie andere Deckel aus diesem Rohstoff, die auf durchgef\u00e4rbten Materialien hergestellt werden. Der auf der Vorderseite des Platins verwendete \u201e<strong>Easy-Peel<\/strong>\u201c-Hei\u00dfsiegellack erm\u00f6glicht das Anschwei\u00dfen dieser Deckel an PE-, PS- und PP-Beh\u00e4lter und schr\u00e4nkt die Sicht auf das ausgestellte Produkt nicht \u00fcberm\u00e4\u00dfig ein.<\/p>\n<p>[\/et_pb_text][\/et_pb_column][\/et_pb_row][\/et_pb_section]<\/p>\n","protected":false},"excerpt":{"rendered":"<p>Transparent PETDurch die Entwicklung unserer Drucktechnologie auf nicht saugf\u00e4higen Materialien f\u00fcr schnell rotierende Verpackungen haben wir transparente PET-Folien in unser Produktsortiment aufgenommen. Durch die Umsetzung einer solchen L\u00f6sung steht den Kunden ein v\u00f6llig neues, breites Spektrum teilgedruckter Platinprodukte auf transparentem PET in verschiedenen St\u00e4rken und beliebigen Formen zur Verf\u00fcgung. Die so entstandenen Plaketten erm\u00f6glichen eine [&hellip;]<\/p>\n","protected":false},"author":1,"featured_media":0,"parent":0,"menu_order":0,"comment_status":"closed","ping_status":"closed","template":"","meta":{"_et_pb_use_builder":"on","_et_pb_old_content":"","_et_gb_content_width":"","footnotes":""},"class_list":["post-13027","page","type-page","status-publish","hentry"],"_links":{"self":[{"href":"https:\/\/top-pol.pl\/de\/wp-json\/wp\/v2\/pages\/13027","targetHints":{"allow":["GET"]}}],"collection":[{"href":"https:\/\/top-pol.pl\/de\/wp-json\/wp\/v2\/pages"}],"about":[{"href":"https:\/\/top-pol.pl\/de\/wp-json\/wp\/v2\/types\/page"}],"author":[{"embeddable":true,"href":"https:\/\/top-pol.pl\/de\/wp-json\/wp\/v2\/users\/1"}],"replies":[{"embeddable":true,"href":"https:\/\/top-pol.pl\/de\/wp-json\/wp\/v2\/comments?post=13027"}],"version-history":[{"count":5,"href":"https:\/\/top-pol.pl\/de\/wp-json\/wp\/v2\/pages\/13027\/revisions"}],"predecessor-version":[{"id":13032,"href":"https:\/\/top-pol.pl\/de\/wp-json\/wp\/v2\/pages\/13027\/revisions\/13032"}],"wp:attachment":[{"href":"https:\/\/top-pol.pl\/de\/wp-json\/wp\/v2\/media?parent=13027"}],"curies":[{"name":"wp","href":"https:\/\/api.w.org\/{rel}","templated":true}]}}