{"id":13045,"date":"2021-02-17T13:46:18","date_gmt":"2021-02-17T12:46:18","guid":{"rendered":"https:\/\/top-pol.pl\/ueber-uns\/"},"modified":"2024-03-19T10:12:01","modified_gmt":"2024-03-19T09:12:01","slug":"ueber-uns","status":"publish","type":"page","link":"https:\/\/top-pol.pl\/de\/ueber-uns\/","title":{"rendered":"\u00dcber uns"},"content":{"rendered":"<p>[et_pb_section fb_built=&#8220;1&#8243; fullwidth=&#8220;on&#8220; _builder_version=&#8220;4.16&#8243; _module_preset=&#8220;default&#8220; locked=&#8220;off&#8220; global_colors_info=&#8220;{}&#8220;][et_pb_fullwidth_image title_text=&#8220;IMG_2024&#8243; _builder_version=&#8220;4.16&#8243; _module_preset=&#8220;default&#8220; background_image=&#8220;https:\/\/top-pol.pl\/wp-content\/uploads\/2021\/01\/IMG_2024-scaled.jpg&#8220; background_position=&#8220;top_center&#8220; height=&#8220;530px&#8220; height_tablet=&#8220;&#8220; height_phone=&#8220;250px&#8220; height_last_edited=&#8220;on|phone&#8220; global_colors_info=&#8220;{}&#8220;][\/et_pb_fullwidth_image][\/et_pb_section][et_pb_section fb_built=&#8220;1&#8243; admin_label=&#8220;Our Services&#8220; _builder_version=&#8220;4.16&#8243; custom_padding=&#8220;2px|0px|0px|0px|false|false&#8220; saved_tabs=&#8220;all&#8220; global_colors_info=&#8220;{}&#8220;][et_pb_row column_structure=&#8220;1_2,1_2&#8243; admin_label=&#8220;Core Skill&#8220; _builder_version=&#8220;4.16&#8243; custom_margin=&#8220;|411px||auto||&#8220; custom_padding=&#8220;50px||36px|||&#8220; global_colors_info=&#8220;{}&#8220;][et_pb_column type=&#8220;1_2&#8243; _builder_version=&#8220;4.16&#8243; custom_padding=&#8220;|||&#8220; global_colors_info=&#8220;{}&#8220; custom_padding__hover=&#8220;|||&#8220;][et_pb_blurb title=&#8220;Wir kooperieren&#8220; use_icon=&#8220;on&#8220; font_icon=&#8220;&#xe109;||divi||400&#8243; icon_color=&#8220;#2A3443&#8243; icon_placement=&#8220;left&#8220; image_icon_width=&#8220;32px&#8220; admin_label=&#8220;Skill&#8220; module_id=&#8220;wrapper&#8220; _builder_version=&#8220;4.16&#8243; header_level=&#8220;h6&#8243; header_font=&#8220;Montserrat|300|||||||&#8220; header_text_color=&#8220;#2A3443&#8243; header_font_size=&#8220;22px&#8220; header_line_height=&#8220;1.4em&#8220; body_font=&#8220;Open Sans||||||||&#8220; body_text_color=&#8220;rgba(42,52,67,0.5)&#8220; body_font_size=&#8220;16px&#8220; body_line_height=&#8220;1.8em&#8220; custom_padding=&#8220;0px|||||&#8220; animation=&#8220;off&#8220; border_radii=&#8220;on|5px|5px|5px|5px&#8220; icon_font_size=&#8220;32px&#8220; global_colors_info=&#8220;{}&#8220;]<\/p>\n<p>mit vielen Werbeagenturen und anderen Druckereien sowie vielen Unternehmen, die Druckdienstleistungen in Anspruch nehmen. Wir bieten h\u00f6chste Druckpr\u00e4zision, P\u00fcnktlichkeit und Schnelligkeit der Dienstleistungen. F\u00fcr h\u00f6chste Qualit\u00e4t sorgen gut ausgebildete Drucker (Mitarbeiter), f\u00fcr die die Maschine ein Werkzeug zur Nutzung ihres Wissens und K\u00f6nnens ist.<\/p>\n<p>[\/et_pb_blurb][et_pb_blurb title=&#8220;Technologie&#8220; use_icon=&#8220;on&#8220; font_icon=&#8220;&#xe00e;||divi||400&#8243; icon_color=&#8220;#2A3443&#8243; icon_placement=&#8220;left&#8220; image_icon_width=&#8220;32px&#8220; admin_label=&#8220;Skill&#8220; module_id=&#8220;wrapper&#8220; _builder_version=&#8220;4.16&#8243; header_level=&#8220;h6&#8243; header_font=&#8220;Montserrat|300|||||||&#8220; header_text_color=&#8220;#2A3443&#8243; header_font_size=&#8220;22px&#8220; header_line_height=&#8220;1.4em&#8220; body_font=&#8220;Open Sans||||||||&#8220; body_text_color=&#8220;rgba(42,52,67,0.5)&#8220; body_font_size=&#8220;16px&#8220; body_line_height=&#8220;1.8em&#8220; custom_padding=&#8220;4px|||||&#8220; animation=&#8220;off&#8220; border_radii=&#8220;on|5px|5px|5px|5px&#8220; icon_font_size=&#8220;32px&#8220; global_colors_info=&#8220;{}&#8220;]<\/p>\n<p>In diesen mehreren Dutzend Betriebsjahren wird durch die kontinuierliche Erweiterung des Maschinenparks und die gesammelten Erfahrungen unser kommerzielles Angebot st\u00e4ndig erweitert und damit die Attraktivit\u00e4t unserer Dienstleistungen erh\u00f6ht.<\/p>\n<p>[\/et_pb_blurb][\/et_pb_column][et_pb_column type=&#8220;1_2&#8243; _builder_version=&#8220;4.16&#8243; custom_padding=&#8220;|||&#8220; global_colors_info=&#8220;{}&#8220; custom_padding__hover=&#8220;|||&#8220;][et_pb_blurb title=&#8220;Wir sind darauf spezialisiert&#8220; use_icon=&#8220;on&#8220; font_icon=&#8220;&#xe0e9;||divi||400&#8243; icon_color=&#8220;#2A3443&#8243; icon_placement=&#8220;left&#8220; image_icon_width=&#8220;32px&#8220; admin_label=&#8220;Skill&#8220; module_id=&#8220;wrapper&#8220; _builder_version=&#8220;4.21.0&#8243; header_level=&#8220;h6&#8243; header_font=&#8220;Montserrat|300|||||||&#8220; header_text_color=&#8220;#2A3443&#8243; header_font_size=&#8220;22px&#8220; header_line_height=&#8220;1.4em&#8220; body_font=&#8220;Open Sans||||||||&#8220; body_text_color=&#8220;rgba(42,52,67,0.5)&#8220; body_font_size=&#8220;16px&#8220; body_line_height=&#8220;1.8em&#8220; custom_padding=&#8220;2px|||||&#8220; animation=&#8220;off&#8220; border_radii=&#8220;on|5px|5px|5px|5px&#8220; icon_font_size=&#8220;32px&#8220; global_colors_info=&#8220;{}&#8220;]<\/p>\n<p>im Druck von IML-Etiketten, Etiketten auf Polyestersubstraten und Laminaten, Blumenanh\u00e4ngern und Etiketten auf harten und weichen Kunststoffmaterialien sowie Offsetdruck auf Papier und Karton mit UV- und konventionellen Techniken.<\/p>\n<p>[\/et_pb_blurb][et_pb_blurb title=&#8220;Qualit\u00e4t und Erfahrung&#8220; use_icon=&#8220;on&#8220; font_icon=&#8220;&#x68;||divi||400&#8243; icon_color=&#8220;#2A3443&#8243; icon_placement=&#8220;left&#8220; image_icon_width=&#8220;32px&#8220; admin_label=&#8220;Skill&#8220; module_id=&#8220;wrapper&#8220; _builder_version=&#8220;4.22.1&#8243; header_level=&#8220;h6&#8243; header_font=&#8220;Montserrat|300|||||||&#8220; header_text_color=&#8220;#2A3443&#8243; header_font_size=&#8220;22px&#8220; header_line_height=&#8220;1.4em&#8220; body_font=&#8220;Open Sans||||||||&#8220; body_text_color=&#8220;rgba(42,52,67,0.5)&#8220; body_font_size=&#8220;16px&#8220; body_line_height=&#8220;1.8em&#8220; custom_padding=&#8220;||23px|||&#8220; animation=&#8220;off&#8220; hover_enabled=&#8220;0&#8243; border_radii=&#8220;on|5px|5px|5px|5px&#8220; icon_font_size=&#8220;32px&#8220; global_colors_info=&#8220;{}&#8220; sticky_enabled=&#8220;0&#8243; min_height=&#8220;300px&#8220;]<\/p>\n<p>Die Druckerei Top-Pol existiert auf dem Druckmarkt<br \/>seit 1989. Im Laufe der Jahre haben wir Wissen und F\u00e4higkeiten gesammelt, die es uns erm\u00f6glichten, unsere Qualit\u00e4t mit dem h\u00f6chsten BRC-Zertifikat unter Beweis zu stellen. Die Erlangung des Zertifikats wurde durch die entsprechende Lean-Management-Strategie und das Produktionsmanagementsystem HiFlow Solutions erleichtert.<\/p>\n<p>[\/et_pb_blurb][\/et_pb_column][\/et_pb_row][et_pb_row admin_label=&#8220;Core Skill&#8220; _builder_version=&#8220;4.16&#8243; custom_margin=&#8220;|411px||auto||&#8220; custom_padding=&#8220;50px||0px|||&#8220; global_colors_info=&#8220;{}&#8220;][et_pb_column type=&#8220;4_4&#8243; _builder_version=&#8220;4.16&#8243; custom_padding=&#8220;|||&#8220; global_colors_info=&#8220;{}&#8220; custom_padding__hover=&#8220;|||&#8220;][et_pb_blurb title=&#8220;\u00d6kologie&#8220; use_icon=&#8220;on&#8220; font_icon=&#8220;&#xf06c;||fa||900&#8243; icon_color=&#8220;#2A3443&#8243; icon_placement=&#8220;left&#8220; image_icon_width=&#8220;32px&#8220; admin_label=&#8220;Skill&#8220; module_id=&#8220;wrapper&#8220; _builder_version=&#8220;4.21.0&#8243; header_level=&#8220;h6&#8243; header_font=&#8220;Montserrat|300|||||||&#8220; header_text_color=&#8220;#2A3443&#8243; header_font_size=&#8220;22px&#8220; header_line_height=&#8220;1.4em&#8220; body_font=&#8220;Open Sans||||||||&#8220; body_text_color=&#8220;rgba(42,52,67,0.5)&#8220; body_font_size=&#8220;16px&#8220; body_line_height=&#8220;1.8em&#8220; custom_padding=&#8220;0px|||||&#8220; animation=&#8220;off&#8220; border_radii=&#8220;on|5px|5px|5px|5px&#8220; icon_font_size=&#8220;32px&#8220; global_colors_info=&#8220;{}&#8220;]<\/p>\n<p>F\u00fcr die Produktion verwenden wir ausschlie\u00dflich wasserbasierte Lacke und Veredelungsmaterialien mit geringer Migration in die Umwelt. Die von uns eingesetzte Drucktechnologie mit LED-UV-Licht, zus\u00e4tzlich unterst\u00fctzt durch eine Photovoltaikanlage, reduziert den Stromverbrauch deutlich. Wir sind ECO.<\/p>\n<p>[\/et_pb_blurb][\/et_pb_column][\/et_pb_row][\/et_pb_section][et_pb_section fb_built=&#8220;1&#8243; admin_label=&#8220;Recent Projects&#8220; _builder_version=&#8220;4.16&#8243; background_color=&#8220;#2a3443&#8243; min_height=&#8220;389.1px&#8220; custom_margin=&#8220;||58px|||&#8220; custom_padding=&#8220;50px|0px|81px|0px|false|false&#8220; saved_tabs=&#8220;all&#8220; global_colors_info=&#8220;{}&#8220;][et_pb_row _builder_version=&#8220;4.16&#8243; _module_preset=&#8220;default&#8220; custom_padding=&#8220;0px|||||&#8220; locked=&#8220;off&#8220; global_colors_info=&#8220;{}&#8220;][et_pb_column type=&#8220;4_4&#8243; _builder_version=&#8220;4.16&#8243; _module_preset=&#8220;default&#8220; global_colors_info=&#8220;{}&#8220;][et_pb_text _builder_version=&#8220;4.16&#8243; text_font=&#8220;Open Sans||||||||&#8220; text_text_color=&#8220;#FFFFFF&#8220; text_font_size=&#8220;18px&#8220; text_line_height=&#8220;1.8em&#8220; header_font=&#8220;Montserrat|300|||||||&#8220; header_font_size=&#8220;40px&#8220; header_line_height=&#8220;1.3em&#8220; header_2_font=&#8220;||||||||&#8220; header_3_font=&#8220;||||||||&#8220; header_4_font=&#8220;||||||||&#8220; background_layout=&#8220;dark&#8220; global_colors_info=&#8220;{}&#8220;]<\/p>\n<h1 style=\"text-align: center;\">Wir arbeiten<\/h1>\n<p style=\"text-align: center;\">auf verschiedenen Druckmaschinentypen von <strong>Heidelberg<\/strong> und <strong>Koenig &amp; Bauer,<\/strong><br \/>die weltweit f\u00fcr h\u00f6chste Druckqualit\u00e4t stehen.<\/p>\n<p>[\/et_pb_text][\/et_pb_column][\/et_pb_row][et_pb_row disabled_on=&#8220;on|off|off&#8220; _builder_version=&#8220;4.16&#8243; _module_preset=&#8220;default&#8220; background_color=&#8220;#FFFFFF&#8220; width=&#8220;66%&#8220; custom_padding=&#8220;|30px||30px|false|true&#8220; box_shadow_style=&#8220;preset4&#8243; locked=&#8220;off&#8220; global_colors_info=&#8220;{}&#8220;][et_pb_column type=&#8220;4_4&#8243; _builder_version=&#8220;4.16&#8243; _module_preset=&#8220;default&#8220; global_colors_info=&#8220;{}&#8220;][et_pb_image src=&#8220;https:\/\/top-pol.pl\/wp-content\/uploads\/\/2021\/03\/Zasob-9logosy.svg&#8220; title_text=&#8220;Zas\u00f3b 9logosy&#8220; _builder_version=&#8220;4.16&#8243; _module_preset=&#8220;default&#8220; width=&#8220;100%&#8220; global_colors_info=&#8220;{}&#8220;][\/et_pb_image][\/et_pb_column][\/et_pb_row][\/et_pb_section]<\/p>\n","protected":false},"excerpt":{"rendered":"<p>mit vielen Werbeagenturen und anderen Druckereien sowie vielen Unternehmen, die Druckdienstleistungen in Anspruch nehmen. Wir bieten h\u00f6chste Druckpr\u00e4zision, P\u00fcnktlichkeit und Schnelligkeit der Dienstleistungen. F\u00fcr h\u00f6chste Qualit\u00e4t sorgen gut ausgebildete Drucker (Mitarbeiter), f\u00fcr die die Maschine ein Werkzeug zur Nutzung ihres Wissens und K\u00f6nnens ist.In diesen mehreren Dutzend Betriebsjahren wird durch die kontinuierliche Erweiterung des Maschinenparks [&hellip;]<\/p>\n","protected":false},"author":1,"featured_media":0,"parent":0,"menu_order":0,"comment_status":"closed","ping_status":"closed","template":"","meta":{"_et_pb_use_builder":"on","_et_pb_old_content":"","_et_gb_content_width":"","footnotes":""},"class_list":["post-13045","page","type-page","status-publish","hentry"],"_links":{"self":[{"href":"https:\/\/top-pol.pl\/de\/wp-json\/wp\/v2\/pages\/13045","targetHints":{"allow":["GET"]}}],"collection":[{"href":"https:\/\/top-pol.pl\/de\/wp-json\/wp\/v2\/pages"}],"about":[{"href":"https:\/\/top-pol.pl\/de\/wp-json\/wp\/v2\/types\/page"}],"author":[{"embeddable":true,"href":"https:\/\/top-pol.pl\/de\/wp-json\/wp\/v2\/users\/1"}],"replies":[{"embeddable":true,"href":"https:\/\/top-pol.pl\/de\/wp-json\/wp\/v2\/comments?post=13045"}],"version-history":[{"count":7,"href":"https:\/\/top-pol.pl\/de\/wp-json\/wp\/v2\/pages\/13045\/revisions"}],"predecessor-version":[{"id":13267,"href":"https:\/\/top-pol.pl\/de\/wp-json\/wp\/v2\/pages\/13045\/revisions\/13267"}],"wp:attachment":[{"href":"https:\/\/top-pol.pl\/de\/wp-json\/wp\/v2\/media?parent=13045"}],"curies":[{"name":"wp","href":"https:\/\/api.w.org\/{rel}","templated":true}]}}