{"id":13056,"date":"2021-02-18T08:27:16","date_gmt":"2021-02-18T07:27:16","guid":{"rendered":"https:\/\/top-pol.pl\/kundenzone\/"},"modified":"2025-10-14T12:49:52","modified_gmt":"2025-10-14T10:49:52","slug":"kundenzone","status":"publish","type":"page","link":"https:\/\/top-pol.pl\/de\/kundenzone\/","title":{"rendered":"Kundenzone"},"content":{"rendered":"<p>[et_pb_section fb_built=&#8220;1&#8243; fullwidth=&#8220;on&#8220; _builder_version=&#8220;4.16&#8243; _module_preset=&#8220;default&#8220; locked=&#8220;off&#8220; global_colors_info=&#8220;{}&#8220;][et_pb_fullwidth_image title_text=&#8220;Business people shaking hands in a meeting room&#8220; _builder_version=&#8220;4.16&#8243; _module_preset=&#8220;default&#8220; background_image=&#8220;https:\/\/top-pol.pl\/wp-content\/uploads\/2021\/04\/business-people-shaking-hands-meeting-room.jpg&#8220; height=&#8220;428px&#8220; global_colors_info=&#8220;{}&#8220;][\/et_pb_fullwidth_image][\/et_pb_section][et_pb_section fb_built=&#8220;1&#8243; _builder_version=&#8220;4.16&#8243; global_colors_info=&#8220;{}&#8220;][et_pb_row column_structure=&#8220;1_2,1_2&#8243; _builder_version=&#8220;4.16&#8243; _module_preset=&#8220;default&#8220; custom_margin=&#8220;-1px|auto||auto|false|false&#8220; custom_padding=&#8220;27px|||||&#8220; locked=&#8220;off&#8220; global_colors_info=&#8220;{}&#8220;][et_pb_column type=&#8220;1_2&#8243; _builder_version=&#8220;4.16&#8243; _module_preset=&#8220;default&#8220; global_colors_info=&#8220;{}&#8220;][et_pb_text _builder_version=&#8220;4.16&#8243; text_font=&#8220;Open Sans||||||||&#8220; text_text_color=&#8220;#444444&#8243; text_font_size=&#8220;18px&#8220; text_line_height=&#8220;1.8em&#8220; header_font=&#8220;Montserrat|300|||||||&#8220; header_text_color=&#8220;#444444&#8243; header_font_size=&#8220;44px&#8220; header_line_height=&#8220;1.3em&#8220; header_2_font=&#8220;||||||||&#8220; header_3_font=&#8220;||||||||&#8220; header_4_font=&#8220;||||||||&#8220; background_layout=&#8220;dark&#8220; global_colors_info=&#8220;{}&#8220;]<\/p>\n<h1 style=\"text-align: left;\">Kundenzone<\/h1>\n<p>Drucksachen stellen Sie am besten auf Dateiaustauschservern wie <a href=\"https:\/\/www.transfernow.net\/de\">\u201etransfernow\u201c<\/a> bereit oder verteilen sie bei kleineren Dateien per <a href=\"mailto:drukarnia@top-pol.pl\">E-Mail<\/a>.<\/p>\n<p>&nbsp;<\/p>\n<p>&nbsp;<\/p>\n<p>&nbsp;<\/p>\n<p><a href=\"https:\/\/top-pol.pl\/pliki\/specyfikacja_top-pol_en.pdf\"><\/a><\/p>\n<p>[\/et_pb_text][\/et_pb_column][et_pb_column type=&#8220;1_2&#8243; _builder_version=&#8220;4.16&#8243; _module_preset=&#8220;default&#8220; global_colors_info=&#8220;{}&#8220;][et_pb_text _builder_version=&#8220;4.19.4&#8243; text_font=&#8220;Open Sans||||||||&#8220; text_text_color=&#8220;#444444&#8243; text_font_size=&#8220;18px&#8220; text_line_height=&#8220;1.3em&#8220; header_font=&#8220;Montserrat|300|||||||&#8220; header_text_color=&#8220;#444444&#8243; header_font_size=&#8220;44px&#8220; header_line_height=&#8220;1.3em&#8220; header_2_font=&#8220;||||||||&#8220; header_3_font=&#8220;||||||||&#8220; header_4_font=&#8220;||||||||&#8220; background_layout=&#8220;dark&#8220; global_colors_info=&#8220;{}&#8220;]<\/p>\n<h1 style=\"text-align: left;\">Dateien zum Herunterladen<\/h1>\n<p style=\"text-align: left;\">Formularz zam\u00f3wienia (Po pobraniu i wype\u0142nieniu prosz\u0119 wys\u0142a\u0107 na adres: drukarnia@top-pol.pl)<br \/>wersja PL: <a href=\"https:\/\/top-pol.pl\/wp-content\/uploads\/2025\/09\/Zamowienie-do-TopPol-PL-w03.pdf\">Zam\u00f3wienie na etykiety PL<\/a><br \/>wersja EN: <a href=\"https:\/\/top-pol.pl\/wp-content\/uploads\/2025\/09\/Zamowienie-do-TopPol-EN-w03.pdf\">Zam\u00f3wienie na etykiety EN<\/a><\/p>\n<p style=\"text-align: left;\">Bestellungen &#8211; Anweisungen PL-Version: Richtlinien f\u00fcr die <a href=\"https:\/\/top-pol.pl\/wp-content\/uploads\/2025\/09\/Wytyczne-do-zamowienia-Top-Pol-PL-2025-08.pdf\">Bestellung von Top-Pol<\/a> EN-Version: Richtlinien f\u00fcr die <a href=\"https:\/\/top-pol.pl\/wp-content\/uploads\/2025\/09\/Guidance-for-order-Top-Pol-EN-2025-08.pdf\">Bestellung von Top-Pol<\/a><\/p>\n<p style=\"text-align: left;\">\n<p style=\"text-align: left;\">Vordruckspezifikation f\u00fcr IML-Etiketten:<\/p>\n<p style=\"text-align: left;\">wersja PL: <a href=\"https:\/\/top-pol.pl\/wp-content\/uploads\/2025\/09\/Specification-Top-Pol-PL-2025-08.pdf\">Specyfikacja Top-Pol PL<\/a><br \/>wersja EN: <a href=\"https:\/\/top-pol.pl\/wp-content\/uploads\/2025\/09\/Specification-Top-Pol-EN-2025-08.pdf\">Specyfikacja Top-Pol EN<\/a><\/p>\n<blockquote><\/blockquote>\n<blockquote><\/blockquote>\n<p>[\/et_pb_text][\/et_pb_column][\/et_pb_row][\/et_pb_section]<\/p>\n","protected":false},"excerpt":{"rendered":"<p>Kundenzone Drucksachen stellen Sie am besten auf Dateiaustauschservern wie \u201etransfernow\u201c bereit oder verteilen sie bei kleineren Dateien per E-Mail. &nbsp; &nbsp; &nbsp; Dateien zum Herunterladen Formularz zam\u00f3wienia (Po pobraniu i wype\u0142nieniu prosz\u0119 wys\u0142a\u0107 na adres: drukarnia@top-pol.pl)wersja PL: Zam\u00f3wienie na etykiety PLwersja EN: Zam\u00f3wienie na etykiety EN Bestellungen &#8211; Anweisungen PL-Version: Richtlinien f\u00fcr die Bestellung von [&hellip;]<\/p>\n","protected":false},"author":1,"featured_media":0,"parent":0,"menu_order":0,"comment_status":"closed","ping_status":"closed","template":"","meta":{"_et_pb_use_builder":"on","_et_pb_old_content":"","_et_gb_content_width":"","footnotes":""},"class_list":["post-13056","page","type-page","status-publish","hentry"],"_links":{"self":[{"href":"https:\/\/top-pol.pl\/de\/wp-json\/wp\/v2\/pages\/13056","targetHints":{"allow":["GET"]}}],"collection":[{"href":"https:\/\/top-pol.pl\/de\/wp-json\/wp\/v2\/pages"}],"about":[{"href":"https:\/\/top-pol.pl\/de\/wp-json\/wp\/v2\/types\/page"}],"author":[{"embeddable":true,"href":"https:\/\/top-pol.pl\/de\/wp-json\/wp\/v2\/users\/1"}],"replies":[{"embeddable":true,"href":"https:\/\/top-pol.pl\/de\/wp-json\/wp\/v2\/comments?post=13056"}],"version-history":[{"count":33,"href":"https:\/\/top-pol.pl\/de\/wp-json\/wp\/v2\/pages\/13056\/revisions"}],"predecessor-version":[{"id":13615,"href":"https:\/\/top-pol.pl\/de\/wp-json\/wp\/v2\/pages\/13056\/revisions\/13615"}],"wp:attachment":[{"href":"https:\/\/top-pol.pl\/de\/wp-json\/wp\/v2\/media?parent=13056"}],"curies":[{"name":"wp","href":"https:\/\/api.w.org\/{rel}","templated":true}]}}