{"id":13062,"date":"2021-02-18T08:46:48","date_gmt":"2021-02-18T07:46:48","guid":{"rendered":"https:\/\/top-pol.pl\/technologie\/"},"modified":"2024-01-11T11:58:59","modified_gmt":"2024-01-11T10:58:59","slug":"technologie","status":"publish","type":"page","link":"https:\/\/top-pol.pl\/de\/technologie\/","title":{"rendered":"Technologie"},"content":{"rendered":"<p>[et_pb_section fb_built=&#8220;1&#8243; admin_label=&#8220;Our Services&#8220; _builder_version=&#8220;4.16&#8243; custom_padding=&#8220;0px|0px|0px|0px||&#8220; saved_tabs=&#8220;all&#8220; global_colors_info=&#8220;{}&#8220;][et_pb_row _builder_version=&#8220;4.16&#8243; _module_preset=&#8220;default&#8220; global_colors_info=&#8220;{}&#8220;][et_pb_column type=&#8220;4_4&#8243; _builder_version=&#8220;4.16&#8243; _module_preset=&#8220;default&#8220; global_colors_info=&#8220;{}&#8220;][et_pb_image src=&#8220;https:\/\/top-pol.pl\/wp-content\/uploads\/2021\/04\/xl75-7.png&#8220; title_text=&#8220;xl75 7&#8243; align=&#8220;center&#8220; _builder_version=&#8220;4.16&#8243; _module_preset=&#8220;default&#8220; width=&#8220;1500px&#8220; custom_margin=&#8220;|0px||-190px|false|false&#8220; global_colors_info=&#8220;{}&#8220;][\/et_pb_image][\/et_pb_column][\/et_pb_row][\/et_pb_section][et_pb_section fb_built=&#8220;1&#8243; _builder_version=&#8220;4.16&#8243; _module_preset=&#8220;default&#8220; global_colors_info=&#8220;{}&#8220;][et_pb_row _builder_version=&#8220;4.16&#8243; _module_preset=&#8220;default&#8220; global_colors_info=&#8220;{}&#8220;][et_pb_column type=&#8220;4_4&#8243; _builder_version=&#8220;4.16&#8243; _module_preset=&#8220;default&#8220; global_colors_info=&#8220;{}&#8220;][et_pb_text _builder_version=&#8220;4.16&#8243; text_font=&#8220;Open Sans||||||||&#8220; text_text_color=&#8220;#444444&#8243; text_font_size=&#8220;18px&#8220; text_line_height=&#8220;1.8em&#8220; header_font=&#8220;Montserrat|300|||||||&#8220; header_text_color=&#8220;#444444&#8243; header_font_size=&#8220;44px&#8220; header_line_height=&#8220;1.3em&#8220; header_2_font=&#8220;||||||||&#8220; header_3_font=&#8220;||||||||&#8220; header_4_font=&#8220;||||||||&#8220; background_layout=&#8220;dark&#8220; custom_margin=&#8220;||0px|||&#8220; custom_padding=&#8220;||0px|||&#8220; header_font_size_tablet=&#8220;&#8220; header_font_size_phone=&#8220;33px&#8220; header_font_size_last_edited=&#8220;on|phone&#8220; global_colors_info=&#8220;{}&#8220;]<\/p>\n<h1 style=\"text-align: center;\">Press<\/h1>\n<p>&nbsp;<\/p>\n<p>[\/et_pb_text][et_pb_text _builder_version=&#8220;4.19.4&#8243; text_font=&#8220;Open Sans||||||||&#8220; text_text_color=&#8220;#444444&#8243; text_font_size=&#8220;18px&#8220; text_line_height=&#8220;1.8em&#8220; header_font=&#8220;Montserrat|300|||||||&#8220; header_text_color=&#8220;#444444&#8243; header_font_size=&#8220;44px&#8220; header_line_height=&#8220;1.3em&#8220; header_2_font=&#8220;||||||||&#8220; header_3_font=&#8220;||||||||&#8220; header_4_font=&#8220;||||||||&#8220; background_layout=&#8220;dark&#8220; header_font_size_tablet=&#8220;&#8220; header_font_size_phone=&#8220;34px&#8220; header_font_size_last_edited=&#8220;on|phone&#8220; global_colors_info=&#8220;{}&#8220;]<\/p>\n<p style=\"text-align: center;\">Da <strong>Heidelberg<\/strong>-Maschinen im Druckbereich schon immer unersetzlich waren, haben wir uns entschieden, in <strong>Speedmaster XL 75 UV-LED<\/strong>-Maschinen zu investieren, da wir ein H\u00f6chstma\u00df an Druck bieten<strong>.<\/strong><\/p>\n<p>&nbsp;<\/p>\n<p>[\/et_pb_text][\/et_pb_column][\/et_pb_row][et_pb_row _builder_version=&#8220;4.16&#8243; _module_preset=&#8220;default&#8220; locked=&#8220;off&#8220; global_colors_info=&#8220;{}&#8220;][et_pb_column type=&#8220;4_4&#8243; _builder_version=&#8220;4.16&#8243; _module_preset=&#8220;default&#8220; global_colors_info=&#8220;{}&#8220;][et_pb_text _builder_version=&#8220;4.16&#8243; text_font=&#8220;Open Sans||||||||&#8220; text_text_color=&#8220;#444444&#8243; text_font_size=&#8220;18px&#8220; text_line_height=&#8220;1.8em&#8220; header_font=&#8220;Montserrat|300|||||||&#8220; header_text_color=&#8220;#444444&#8243; header_font_size=&#8220;44px&#8220; header_line_height=&#8220;1.3em&#8220; header_2_font=&#8220;||||||||&#8220; header_3_font=&#8220;||||||||&#8220; header_4_font=&#8220;||||||||&#8220; background_layout=&#8220;dark&#8220; custom_margin=&#8220;-48px||0px|||&#8220; custom_padding=&#8220;||0px|||&#8220; header_font_size_tablet=&#8220;&#8220; header_font_size_phone=&#8220;25px&#8220; header_font_size_last_edited=&#8220;on|phone&#8220; global_colors_info=&#8220;{}&#8220;]<\/p>\n<h1 style=\"text-align: center;\">Speedmaster XL 75<\/h1>\n<p>[\/et_pb_text][et_pb_image src=&#8220;https:\/\/top-pol.pl\/wp-content\/uploads\/2021\/03\/XL75.png&#8220; title_text=&#8220;XL75&#8243; _builder_version=&#8220;4.16&#8243; _module_preset=&#8220;default&#8220; width=&#8220;45%&#8220; module_alignment=&#8220;center&#8220; custom_padding=&#8220;42px|||||&#8220; scroll_scaling=&#8220;0|50|50|100|70|100|70%&#8220; motion_trigger_start=&#8220;bottom&#8220; global_colors_info=&#8220;{}&#8220;][\/et_pb_image][\/et_pb_column][\/et_pb_row][et_pb_row _builder_version=&#8220;4.19.4&#8243; _module_preset=&#8220;default&#8220; custom_padding=&#8220;|1px||13px||&#8220; global_colors_info=&#8220;{}&#8220;][et_pb_column type=&#8220;4_4&#8243; _builder_version=&#8220;4.16&#8243; _module_preset=&#8220;default&#8220; global_colors_info=&#8220;{}&#8220;][et_pb_text _builder_version=&#8220;4.16&#8243; text_font=&#8220;Open Sans||||||||&#8220; text_text_color=&#8220;#444444&#8243; text_font_size=&#8220;18px&#8220; text_line_height=&#8220;1.8em&#8220; header_font=&#8220;Montserrat|300|||||||&#8220; header_text_color=&#8220;#444444&#8243; header_font_size=&#8220;34px&#8220; header_line_height=&#8220;1.3em&#8220; header_2_font=&#8220;||||||||&#8220; header_3_font=&#8220;||||||||&#8220; header_4_font=&#8220;||||||||&#8220; background_layout=&#8220;dark&#8220; custom_padding=&#8220;|||230px|false|false&#8220; custom_padding_tablet=&#8220;&#8220; custom_padding_phone=&#8220;|||0px|false|false&#8220; custom_padding_last_edited=&#8220;on|desktop&#8220; global_colors_info=&#8220;{}&#8220;]<\/p>\n<ul>\n<li style=\"text-align: left;\"><span style=\"font-weight: 400;\">8-farbig, Druck bis zum B2-Format<\/span><\/li>\n<li style=\"text-align: left;\"><span style=\"font-weight: 400;\">Schneller Service und Support von Heidelberg<\/span><\/li>\n<li style=\"text-align: left;\"><span style=\"font-weight: 400;\">h\u00f6chste Druckqualit\u00e4t<\/span><\/li>\n<li style=\"text-align: left;\"><span style=\"font-weight: 400;\">Wir verwenden LED-UV-Druck f\u00fcr alle Arten von Etiketten<\/span><\/li>\n<\/ul>\n<p>[\/et_pb_text][\/et_pb_column][\/et_pb_row][et_pb_row _builder_version=&#8220;4.16&#8243; _module_preset=&#8220;default&#8220; global_colors_info=&#8220;{}&#8220;][et_pb_column type=&#8220;4_4&#8243; _builder_version=&#8220;4.16&#8243; _module_preset=&#8220;default&#8220; global_colors_info=&#8220;{}&#8220;][et_pb_text _builder_version=&#8220;4.16&#8243; text_font=&#8220;Open Sans||||||||&#8220; text_text_color=&#8220;#444444&#8243; text_font_size=&#8220;18px&#8220; text_line_height=&#8220;1.8em&#8220; header_font=&#8220;Montserrat|300|||||||&#8220; header_text_color=&#8220;#444444&#8243; header_font_size=&#8220;44px&#8220; header_line_height=&#8220;1.3em&#8220; header_2_font=&#8220;||||||||&#8220; header_3_font=&#8220;||||||||&#8220; header_4_font=&#8220;||||||||&#8220; background_layout=&#8220;dark&#8220; custom_margin=&#8220;||0px|||&#8220; custom_padding=&#8220;||0px|||&#8220; header_font_size_tablet=&#8220;&#8220; header_font_size_phone=&#8220;33px&#8220; header_font_size_last_edited=&#8220;on|phone&#8220; global_colors_info=&#8220;{}&#8220;]<\/p>\n<h1 style=\"text-align: center;\">Postpress<\/h1>\n<p>&nbsp;<\/p>\n<p>[\/et_pb_text][et_pb_image src=&#8220;https:\/\/top-pol.pl\/wp-content\/uploads\/\/2021\/03\/Zasob-5logosy.svg&#8220; title_text=&#8220;Zas\u00f3b 5logosy&#8220; _builder_version=&#8220;4.16&#8243; _module_preset=&#8220;default&#8220; width=&#8220;31%&#8220; width_tablet=&#8220;&#8220; width_phone=&#8220;68%&#8220; width_last_edited=&#8220;on|phone&#8220; module_alignment=&#8220;center&#8220; global_colors_info=&#8220;{}&#8220;][\/et_pb_image][et_pb_text _builder_version=&#8220;4.16&#8243; text_font=&#8220;Open Sans||||||||&#8220; text_text_color=&#8220;#444444&#8243; text_font_size=&#8220;18px&#8220; text_line_height=&#8220;1.8em&#8220; header_font=&#8220;Montserrat|300|||||||&#8220; header_text_color=&#8220;#444444&#8243; header_font_size=&#8220;44px&#8220; header_line_height=&#8220;1.3em&#8220; header_2_font=&#8220;||||||||&#8220; header_3_font=&#8220;||||||||&#8220; header_4_font=&#8220;||||||||&#8220; background_layout=&#8220;dark&#8220; global_colors_info=&#8220;{}&#8220;]<\/p>\n<p style=\"text-align: center;\"><span style=\"font-weight: 400;\">Dank der Verwendung einer <strong>Koenig &amp; Bauer Rapida 106<\/strong> Rotationsstanze sind wir in der Lage<\/span><span style=\"font-weight: 400;\">, jede Etikettenform unabh\u00e4ngig von der Art der Verpackung zu schneiden.<\/span><\/p>\n<p>&nbsp;<\/p>\n<p>[\/et_pb_text][et_pb_image src=&#8220;https:\/\/top-pol.pl\/wp-content\/uploads\/2021\/03\/Rapida106.png&#8220; title_text=&#8220;Rapida106&#8243; _builder_version=&#8220;4.16&#8243; _module_preset=&#8220;default&#8220; width=&#8220;69%&#8220; module_alignment=&#8220;center&#8220; global_colors_info=&#8220;{}&#8220;][\/et_pb_image][et_pb_text _builder_version=&#8220;4.16&#8243; text_font=&#8220;Open Sans||||||||&#8220; text_text_color=&#8220;#444444&#8243; text_font_size=&#8220;18px&#8220; text_line_height=&#8220;1.8em&#8220; header_font=&#8220;Montserrat|300|||||||&#8220; header_text_color=&#8220;#444444&#8243; header_font_size=&#8220;34px&#8220; header_line_height=&#8220;1.3em&#8220; header_2_font=&#8220;||||||||&#8220; header_3_font=&#8220;||||||||&#8220; header_4_font=&#8220;||||||||&#8220; background_layout=&#8220;dark&#8220; custom_padding=&#8220;|||230px|false|false&#8220; custom_padding_tablet=&#8220;&#8220; custom_padding_phone=&#8220;|||0px|false|false&#8220; custom_padding_last_edited=&#8220;on|desktop&#8220; global_colors_info=&#8220;{}&#8220;]<\/p>\n<ul>\n<li style=\"text-align: left;\"><span style=\"font-weight: 400;\">Format max B1<\/span><\/li>\n<li style=\"text-align: left;\"><span style=\"font-weight: 400;\">Kompromisslose Produktivit\u00e4t und Wirtschaftlichkeit<\/span><\/li>\n<li style=\"text-align: left;\"><span style=\"font-weight: 400;\">Schnellere Auftrags\u00e4nderungen dank gleichzeitiger Verwaltungsprozesse<\/span><\/li>\n<li style=\"text-align: left;\"><span style=\"font-weight: 400;\">F\u00fchrende Technologie von der Zuf\u00fchrung bis zur Auslieferung <\/span><\/li>\n<li style=\"text-align: left;\"><span style=\"font-weight: 400;\">Applikationssystem ohne Seitenmarkierung DriveTronic SIS<\/span><\/li>\n<li style=\"text-align: left;\"><span style=\"font-weight: 400;\">DriveTronic SPC simultanes Druckplattenwechselsystem<\/span><\/li>\n<li style=\"text-align: left;\"><span style=\"font-weight: 400;\">Jobwechsel \u201eon the fly\u201c (Flying JobChange) in wenigen Sekunden<\/span><\/li>\n<\/ul>\n<p>[\/et_pb_text][et_pb_text _builder_version=&#8220;4.16&#8243; text_font=&#8220;Open Sans||||||||&#8220; text_text_color=&#8220;#444444&#8243; text_font_size=&#8220;18px&#8220; text_line_height=&#8220;1.8em&#8220; header_font=&#8220;Montserrat|300|||||||&#8220; header_text_color=&#8220;#444444&#8243; header_font_size=&#8220;44px&#8220; header_line_height=&#8220;1.3em&#8220; header_2_font=&#8220;||||||||&#8220; header_3_font=&#8220;||||||||&#8220; header_4_font=&#8220;||||||||&#8220; background_layout=&#8220;dark&#8220; custom_margin=&#8220;||0px|||&#8220; custom_padding=&#8220;||0px|||&#8220; header_font_size_tablet=&#8220;&#8220; header_font_size_phone=&#8220;33px&#8220; header_font_size_last_edited=&#8220;on|phone&#8220; global_colors_info=&#8220;{}&#8220;]<\/p>\n<h1 style=\"text-align: center;\">Farbmischraum<\/h1>\n<p>&nbsp;<\/p>\n<p>[\/et_pb_text][et_pb_text _builder_version=&#8220;4.16&#8243; text_font=&#8220;Open Sans||||||||&#8220; text_text_color=&#8220;#444444&#8243; text_font_size=&#8220;18px&#8220; text_line_height=&#8220;1.8em&#8220; header_font=&#8220;Montserrat|300|||||||&#8220; header_text_color=&#8220;#444444&#8243; header_font_size=&#8220;44px&#8220; header_line_height=&#8220;1.3em&#8220; header_2_font=&#8220;||||||||&#8220; header_3_font=&#8220;||||||||&#8220; header_4_font=&#8220;||||||||&#8220; background_layout=&#8220;dark&#8220; global_colors_info=&#8220;{}&#8220;]<\/p>\n<p style=\"text-align: center;\">F\u00fcr eine hohe Qualit\u00e4t sorgt unsere Farbmischanlage, mit der wir jeden Farbton schnell und pr\u00e4zise herstellen k\u00f6nnen. Die M\u00f6glichkeit, den Druck mit dem <strong>IGT C1-5<\/strong>-Ger\u00e4t genau und wiederholbar zu simulieren, spart wertvolle Zeit und vermeidet Maschinenstillstandszeiten.<\/p>\n<p>&nbsp;<\/p>\n<p>[\/et_pb_text][et_pb_image src=&#8220;https:\/\/top-pol.pl\/wp-content\/uploads\/2021\/06\/mieszalnia-farb-2.png&#8220; title_text=&#8220;mieszalnia farb 2&#8243; _builder_version=&#8220;4.16&#8243; _module_preset=&#8220;default&#8220; global_colors_info=&#8220;{}&#8220;][\/et_pb_image][\/et_pb_column][\/et_pb_row][\/et_pb_section]<\/p>\n","protected":false},"excerpt":{"rendered":"<p>Press &nbsp;Da Heidelberg-Maschinen im Druckbereich schon immer unersetzlich waren, haben wir uns entschieden, in Speedmaster XL 75 UV-LED-Maschinen zu investieren, da wir ein H\u00f6chstma\u00df an Druck bieten. &nbsp;Speedmaster XL 75 8-farbig, Druck bis zum B2-Format Schneller Service und Support von Heidelberg h\u00f6chste Druckqualit\u00e4t Wir verwenden LED-UV-Druck f\u00fcr alle Arten von Etiketten Postpress &nbsp;Dank der Verwendung [&hellip;]<\/p>\n","protected":false},"author":1,"featured_media":0,"parent":0,"menu_order":0,"comment_status":"closed","ping_status":"closed","template":"","meta":{"_et_pb_use_builder":"on","_et_pb_old_content":"","_et_gb_content_width":"","footnotes":""},"class_list":["post-13062","page","type-page","status-publish","hentry"],"_links":{"self":[{"href":"https:\/\/top-pol.pl\/de\/wp-json\/wp\/v2\/pages\/13062","targetHints":{"allow":["GET"]}}],"collection":[{"href":"https:\/\/top-pol.pl\/de\/wp-json\/wp\/v2\/pages"}],"about":[{"href":"https:\/\/top-pol.pl\/de\/wp-json\/wp\/v2\/types\/page"}],"author":[{"embeddable":true,"href":"https:\/\/top-pol.pl\/de\/wp-json\/wp\/v2\/users\/1"}],"replies":[{"embeddable":true,"href":"https:\/\/top-pol.pl\/de\/wp-json\/wp\/v2\/comments?post=13062"}],"version-history":[{"count":6,"href":"https:\/\/top-pol.pl\/de\/wp-json\/wp\/v2\/pages\/13062\/revisions"}],"predecessor-version":[{"id":13068,"href":"https:\/\/top-pol.pl\/de\/wp-json\/wp\/v2\/pages\/13062\/revisions\/13068"}],"wp:attachment":[{"href":"https:\/\/top-pol.pl\/de\/wp-json\/wp\/v2\/media?parent=13062"}],"curies":[{"name":"wp","href":"https:\/\/api.w.org\/{rel}","templated":true}]}}