{"id":13069,"date":"2021-02-18T09:22:02","date_gmt":"2021-02-18T08:22:02","guid":{"rendered":"https:\/\/top-pol.pl\/deckel\/"},"modified":"2024-01-23T13:45:16","modified_gmt":"2024-01-23T12:45:16","slug":"deckel","status":"publish","type":"page","link":"https:\/\/top-pol.pl\/de\/deckel\/","title":{"rendered":"Deckel"},"content":{"rendered":"<p>[et_pb_section fb_built=&#8220;1&#8243; _builder_version=&#8220;4.16&#8243; _module_preset=&#8220;default&#8220; background_color=&#8220;#3644af&#8220; global_colors_info=&#8220;{}&#8220;][et_pb_row _builder_version=&#8220;4.16&#8243; _module_preset=&#8220;default&#8220; global_colors_info=&#8220;{}&#8220;][et_pb_column type=&#8220;4_4&#8243; _builder_version=&#8220;4.16&#8243; _module_preset=&#8220;default&#8220; global_colors_info=&#8220;{}&#8220;][et_pb_text _builder_version=&#8220;4.16&#8243; text_font=&#8220;Open Sans||||||||&#8220; text_text_color=&#8220;#444444&#8243; text_font_size=&#8220;18px&#8220; text_line_height=&#8220;1.8em&#8220; header_font=&#8220;Open Sans|300|||||||&#8220; header_text_color=&#8220;#FFFFFF&#8220; header_font_size=&#8220;44px&#8220; header_line_height=&#8220;1.3em&#8220; header_2_font=&#8220;Open Sans|700|||||||&#8220; header_2_text_align=&#8220;center&#8220; header_2_font_size=&#8220;44px&#8220; header_3_font=&#8220;||||||||&#8220; header_4_font=&#8220;||||||||&#8220; background_layout=&#8220;dark&#8220; custom_margin=&#8220;30px||0px|||&#8220; custom_padding=&#8220;|||||true&#8220; custom_padding_tablet=&#8220;&#8220; custom_padding_phone=&#8220;|50px||50px|false|true&#8220; custom_padding_last_edited=&#8220;on|phone&#8220; header_font_size_tablet=&#8220;&#8220; header_font_size_phone=&#8220;30px&#8220; header_font_size_last_edited=&#8220;on|phone&#8220; header_2_font_size_tablet=&#8220;&#8220; header_2_font_size_phone=&#8220;30px&#8220; header_2_font_size_last_edited=&#8220;on|phone&#8220; global_colors_info=&#8220;{}&#8220;]<\/p>\n<h1 style=\"text-align: center;\"><strong>Deckel<\/strong><\/h1>\n<p>&nbsp;<\/p>\n<p>[\/et_pb_text][et_pb_image src=&#8220;https:\/\/top-pol.pl\/wp-content\/uploads\/2023\/06\/platynka.png&#8220; title_text=&#8220;platynka&#8220; _builder_version=&#8220;4.21.0&#8243; _module_preset=&#8220;default&#8220; width=&#8220;40%&#8220; width_tablet=&#8220;&#8220; width_phone=&#8220;60%&#8220; width_last_edited=&#8220;on|phone&#8220; module_alignment=&#8220;center&#8220; scroll_scaling_enable=&#8220;on&#8220; scroll_scaling=&#8220;0|50|50|100|70|100|70%&#8220; hover_enabled=&#8220;0&#8243; border_radii=&#8220;on|6px|6px|6px|6px&#8220; global_colors_info=&#8220;{}&#8220; sticky_enabled=&#8220;0&#8243;][\/et_pb_image][\/et_pb_column][\/et_pb_row][\/et_pb_section][et_pb_section fb_built=&#8220;1&#8243; _builder_version=&#8220;4.16&#8243; global_colors_info=&#8220;{}&#8220;][et_pb_row _builder_version=&#8220;4.16&#8243; _module_preset=&#8220;default&#8220; custom_margin=&#8220;-2px|auto||auto|false|false&#8220; locked=&#8220;off&#8220; global_colors_info=&#8220;{}&#8220;][et_pb_column type=&#8220;4_4&#8243; _builder_version=&#8220;4.16&#8243; _module_preset=&#8220;default&#8220; global_colors_info=&#8220;{}&#8220;][et_pb_text _builder_version=&#8220;4.16&#8243; text_font=&#8220;Open Sans||||||||&#8220; text_text_color=&#8220;#444444&#8243; text_font_size=&#8220;18px&#8220; text_line_height=&#8220;1.8em&#8220; header_font=&#8220;Montserrat|300|||||||&#8220; header_text_color=&#8220;#444444&#8243; header_line_height=&#8220;1.3em&#8220; header_2_font=&#8220;||||||||&#8220; header_3_font=&#8220;||||||||&#8220; header_4_font=&#8220;||||||||&#8220; background_layout=&#8220;dark&#8220; header_font_size_tablet=&#8220;&#8220; header_font_size_phone=&#8220;24px&#8220; header_font_size_last_edited=&#8220;on|phone&#8220; global_colors_info=&#8220;{}&#8220;]<\/p>\n<p style=\"text-align: left;\"><strong>Deckel<\/strong> auf wei\u00dfer Folie Meine Damen und Herren, die sogenannten Platys bestehen normalerweise aus Aluminiumfolie. Unsere Druckerei bietet sie auf alternativen Materialien an, die sich perfekt mit jedem kunststoffbasierten Substrat <strong>(PE, PS, PP)<\/strong> verschwei\u00dfen.<\/p>\n<p style=\"text-align: left;\">Platinen aus unserem Material zeichnen sich durch hochwertige Bedruckung und \u00e4sthetische Optik aus. Sie sorgen au\u00dferdem f\u00fcr eine hohe Haltbarkeit der Verpackung, insbesondere gegen mechanische Besch\u00e4digungen, die bei Aluminium-Platin h\u00e4ufig auftreten.<\/p>\n<p>[\/et_pb_text][\/et_pb_column][\/et_pb_row][\/et_pb_section]<\/p>\n","protected":false},"excerpt":{"rendered":"<p>Deckel &nbsp;Deckel auf wei\u00dfer Folie Meine Damen und Herren, die sogenannten Platys bestehen normalerweise aus Aluminiumfolie. Unsere Druckerei bietet sie auf alternativen Materialien an, die sich perfekt mit jedem kunststoffbasierten Substrat (PE, PS, PP) verschwei\u00dfen. Platinen aus unserem Material zeichnen sich durch hochwertige Bedruckung und \u00e4sthetische Optik aus. Sie sorgen au\u00dferdem f\u00fcr eine hohe Haltbarkeit [&hellip;]<\/p>\n","protected":false},"author":1,"featured_media":0,"parent":0,"menu_order":0,"comment_status":"closed","ping_status":"closed","template":"","meta":{"_et_pb_use_builder":"on","_et_pb_old_content":"","_et_gb_content_width":"","footnotes":""},"class_list":["post-13069","page","type-page","status-publish","hentry"],"_links":{"self":[{"href":"https:\/\/top-pol.pl\/de\/wp-json\/wp\/v2\/pages\/13069","targetHints":{"allow":["GET"]}}],"collection":[{"href":"https:\/\/top-pol.pl\/de\/wp-json\/wp\/v2\/pages"}],"about":[{"href":"https:\/\/top-pol.pl\/de\/wp-json\/wp\/v2\/types\/page"}],"author":[{"embeddable":true,"href":"https:\/\/top-pol.pl\/de\/wp-json\/wp\/v2\/users\/1"}],"replies":[{"embeddable":true,"href":"https:\/\/top-pol.pl\/de\/wp-json\/wp\/v2\/comments?post=13069"}],"version-history":[{"count":11,"href":"https:\/\/top-pol.pl\/de\/wp-json\/wp\/v2\/pages\/13069\/revisions"}],"predecessor-version":[{"id":13228,"href":"https:\/\/top-pol.pl\/de\/wp-json\/wp\/v2\/pages\/13069\/revisions\/13228"}],"wp:attachment":[{"href":"https:\/\/top-pol.pl\/de\/wp-json\/wp\/v2\/media?parent=13069"}],"curies":[{"name":"wp","href":"https:\/\/api.w.org\/{rel}","templated":true}]}}