{"id":12928,"date":"2021-02-17T13:46:18","date_gmt":"2021-02-17T12:46:18","guid":{"rendered":"https:\/\/top-pol.pl\/o-nas\/"},"modified":"2024-04-17T09:38:35","modified_gmt":"2024-04-17T07:38:35","slug":"o-nas","status":"publish","type":"page","link":"https:\/\/top-pol.pl\/en\/o-nas\/","title":{"rendered":"About Us"},"content":{"rendered":"<p>[et_pb_section fb_built=&#8221;1&#8243; fullwidth=&#8221;on&#8221; _builder_version=&#8221;4.16&#8243; _module_preset=&#8221;default&#8221; locked=&#8221;off&#8221; global_colors_info=&#8221;{}&#8221;][et_pb_fullwidth_image title_text=&#8221;IMG_2024&#8243; _builder_version=&#8221;4.16&#8243; _module_preset=&#8221;default&#8221; background_image=&#8221;https:\/\/top-pol.pl\/wp-content\/uploads\/2021\/01\/IMG_2024-scaled.jpg&#8221; background_position=&#8221;top_center&#8221; height=&#8221;530px&#8221; height_tablet=&#8221;&#8221; height_phone=&#8221;250px&#8221; height_last_edited=&#8221;on|phone&#8221; global_colors_info=&#8221;{}&#8221;][\/et_pb_fullwidth_image][\/et_pb_section][et_pb_section fb_built=&#8221;1&#8243; admin_label=&#8221;Our Services&#8221; _builder_version=&#8221;4.16&#8243; custom_padding=&#8221;2px|0px|0px|0px|false|false&#8221; saved_tabs=&#8221;all&#8221; global_colors_info=&#8221;{}&#8221;][et_pb_row column_structure=&#8221;1_2,1_2&#8243; admin_label=&#8221;Core Skill&#8221; _builder_version=&#8221;4.16&#8243; custom_margin=&#8221;|411px||auto||&#8221; custom_padding=&#8221;50px||0px|||&#8221; global_colors_info=&#8221;{}&#8221;][et_pb_column type=&#8221;1_2&#8243; _builder_version=&#8221;4.16&#8243; custom_padding=&#8221;|||&#8221; global_colors_info=&#8221;{}&#8221; custom_padding__hover=&#8221;|||&#8221;][et_pb_blurb title=&#8221;we cooperate&#8221; use_icon=&#8221;on&#8221; font_icon=&#8221;&#xe109;||divi||400&#8243; icon_color=&#8221;#2A3443&#8243; icon_placement=&#8221;left&#8221; image_icon_width=&#8221;32px&#8221; admin_label=&#8221;Skill&#8221; module_id=&#8221;wrapper&#8221; _builder_version=&#8221;4.16&#8243; header_level=&#8221;h6&#8243; header_font=&#8221;Montserrat|300|||||||&#8221; header_text_color=&#8221;#2A3443&#8243; header_font_size=&#8221;22px&#8221; header_line_height=&#8221;1.4em&#8221; body_font=&#8221;Open Sans||||||||&#8221; body_text_color=&#8221;rgba(42,52,67,0.5)&#8221; body_font_size=&#8221;16px&#8221; body_line_height=&#8221;1.8em&#8221; custom_padding=&#8221;0px|||||&#8221; animation=&#8221;off&#8221; border_radii=&#8221;on|5px|5px|5px|5px&#8221; icon_font_size=&#8221;32px&#8221; global_colors_info=&#8221;{}&#8221;]<\/p>\n<p>with many advertising agencies and other printing houses, as well as many companies using printing services. We offer the highest printing precision, punctuality and speed of services. The highest quality is ensured by well-trained printers (employees) for whom the machine is a tool for using their knowledge and skills.<\/p>\n<p>[\/et_pb_blurb][et_pb_blurb title=&#8221;Technology&#8221; use_icon=&#8221;on&#8221; font_icon=&#8221;&#xe00e;||divi||400&#8243; icon_color=&#8221;#2A3443&#8243; icon_placement=&#8221;left&#8221; image_icon_width=&#8221;32px&#8221; admin_label=&#8221;Skill&#8221; module_id=&#8221;wrapper&#8221; _builder_version=&#8221;4.16&#8243; header_level=&#8221;h6&#8243; header_font=&#8221;Montserrat|300|||||||&#8221; header_text_color=&#8221;#2A3443&#8243; header_font_size=&#8221;22px&#8221; header_line_height=&#8221;1.4em&#8221; body_font=&#8221;Open Sans||||||||&#8221; body_text_color=&#8221;rgba(42,52,67,0.5)&#8221; body_font_size=&#8221;16px&#8221; body_line_height=&#8221;1.8em&#8221; custom_padding=&#8221;4px|||||&#8221; animation=&#8221;off&#8221; border_radii=&#8221;on|5px|5px|5px|5px&#8221; icon_font_size=&#8221;32px&#8221; global_colors_info=&#8221;{}&#8221;]<\/p>\n<p>Over these several dozen years of operation, the continuous expansion of the machinery and the experience gained constantly expands our commercial offer, and thus increases the attractiveness of our services.<\/p>\n<p>[\/et_pb_blurb][\/et_pb_column][et_pb_column type=&#8221;1_2&#8243; _builder_version=&#8221;4.16&#8243; custom_padding=&#8221;|||&#8221; global_colors_info=&#8221;{}&#8221; custom_padding__hover=&#8221;|||&#8221;][et_pb_blurb title=&#8221;we specialize in&#8221; use_icon=&#8221;on&#8221; font_icon=&#8221;&#xe0e9;||divi||400&#8243; icon_color=&#8221;#2A3443&#8243; icon_placement=&#8221;left&#8221; image_icon_width=&#8221;32px&#8221; admin_label=&#8221;Skill&#8221; module_id=&#8221;wrapper&#8221; _builder_version=&#8221;4.21.0&#8243; header_level=&#8221;h6&#8243; header_font=&#8221;Montserrat|300|||||||&#8221; header_text_color=&#8221;#2A3443&#8243; header_font_size=&#8221;22px&#8221; header_line_height=&#8221;1.4em&#8221; body_font=&#8221;Open Sans||||||||&#8221; body_text_color=&#8221;rgba(42,52,67,0.5)&#8221; body_font_size=&#8221;16px&#8221; body_line_height=&#8221;1.8em&#8221; custom_padding=&#8221;2px|||||&#8221; animation=&#8221;off&#8221; border_radii=&#8221;on|5px|5px|5px|5px&#8221; icon_font_size=&#8221;32px&#8221; global_colors_info=&#8221;{}&#8221;]<\/p>\n<p>in printing IML labels, labels on polyester substrates and laminates, flower pendants and labels printed on hard and soft plastic materials, and offset printing on paper and cardboard using UV and conventional techniques.<\/p>\n<p>[\/et_pb_blurb][et_pb_blurb title=&#8221;Jako\u015b\u0107 i do\u015bwiadczenie&#8221; use_icon=&#8221;on&#8221; font_icon=&#8221;&#x68;||divi||400&#8243; icon_color=&#8221;#2A3443&#8243; icon_placement=&#8221;left&#8221; image_icon_width=&#8221;32px&#8221; admin_label=&#8221;Skill&#8221; module_id=&#8221;wrapper&#8221; _builder_version=&#8221;4.22.1&#8243; header_level=&#8221;h6&#8243; header_font=&#8221;Montserrat|300|||||||&#8221; header_text_color=&#8221;#2A3443&#8243; header_font_size=&#8221;22px&#8221; header_line_height=&#8221;1.4em&#8221; body_font=&#8221;Open Sans||||||||&#8221; body_text_color=&#8221;rgba(42,52,67,0.5)&#8221; body_font_size=&#8221;16px&#8221; body_line_height=&#8221;1.8em&#8221; custom_padding=&#8221;||23px|||&#8221; animation=&#8221;off&#8221; hover_enabled=&#8221;0&#8243; border_radii=&#8221;on|5px|5px|5px|5px&#8221; icon_font_size=&#8221;32px&#8221; global_colors_info=&#8221;{}&#8221; sticky_enabled=&#8221;0&#8243;]<\/p>\n<p>Drukarnia Top-Pol istnieje na rynku poligraficznym od\u00a01989 roku. Przez te wszystkie lata zbierali\u015bmy wiedze i umiej\u0119tno\u015bci, kt\u00f3re pozwoli\u0142y udowodni\u0107 nasz\u0105 jako\u015b\u0107 najwy\u017cszym certyfikatem BRC. Zdobycie certyfikatu u\u0142atwi\u0142a odpowiednia strategia Lean Management, oraz system zarzadzania produkcj\u0105 HiFlow solutions.<\/p>\n<p>[\/et_pb_blurb][\/et_pb_column][\/et_pb_row][et_pb_row admin_label=&#8221;Core Skill&#8221; _builder_version=&#8221;4.16&#8243; custom_margin=&#8221;|411px||auto||&#8221; custom_padding=&#8221;50px||0px|||&#8221; global_colors_info=&#8221;{}&#8221;][et_pb_column type=&#8221;4_4&#8243; _builder_version=&#8221;4.16&#8243; custom_padding=&#8221;|||&#8221; global_colors_info=&#8221;{}&#8221; custom_padding__hover=&#8221;|||&#8221;][et_pb_blurb title=&#8221;Ecology&#8221; use_icon=&#8221;on&#8221; font_icon=&#8221;&#xf06c;||fa||900&#8243; icon_color=&#8221;#2A3443&#8243; icon_placement=&#8221;left&#8221; image_icon_width=&#8221;32px&#8221; admin_label=&#8221;Skill&#8221; module_id=&#8221;wrapper&#8221; _builder_version=&#8221;4.21.0&#8243; header_level=&#8221;h6&#8243; header_font=&#8221;Montserrat|300|||||||&#8221; header_text_color=&#8221;#2A3443&#8243; header_font_size=&#8221;22px&#8221; header_line_height=&#8221;1.4em&#8221; body_font=&#8221;Open Sans||||||||&#8221; body_text_color=&#8221;rgba(42,52,67,0.5)&#8221; body_font_size=&#8221;16px&#8221; body_line_height=&#8221;1.8em&#8221; custom_padding=&#8221;0px|||||&#8221; animation=&#8221;off&#8221; border_radii=&#8221;on|5px|5px|5px|5px&#8221; icon_font_size=&#8221;32px&#8221; global_colors_info=&#8221;{}&#8221;]<\/p>\n<p>For production, we only use water-based paints and refining materials with low migration to the environment. The printing technology we use, using LED UV light, additionally supported by a photovoltaic installation, significantly reduces electricity consumption. We are ECO.<\/p>\n<p>[\/et_pb_blurb][\/et_pb_column][\/et_pb_row][\/et_pb_section][et_pb_section fb_built=&#8221;1&#8243; admin_label=&#8221;Recent Projects&#8221; _builder_version=&#8221;4.16&#8243; background_color=&#8221;#2a3443&#8243; min_height=&#8221;389.1px&#8221; custom_margin=&#8221;||58px|||&#8221; custom_padding=&#8221;50px|0px|81px|0px|false|false&#8221; saved_tabs=&#8221;all&#8221; global_colors_info=&#8221;{}&#8221;][et_pb_row _builder_version=&#8221;4.16&#8243; _module_preset=&#8221;default&#8221; custom_padding=&#8221;0px|||||&#8221; locked=&#8221;off&#8221; global_colors_info=&#8221;{}&#8221;][et_pb_column type=&#8221;4_4&#8243; _builder_version=&#8221;4.16&#8243; _module_preset=&#8221;default&#8221; global_colors_info=&#8221;{}&#8221;][et_pb_text _builder_version=&#8221;4.16&#8243; text_font=&#8221;Open Sans||||||||&#8221; text_text_color=&#8221;#FFFFFF&#8221; text_font_size=&#8221;18px&#8221; text_line_height=&#8221;1.8em&#8221; header_font=&#8221;Montserrat|300|||||||&#8221; header_font_size=&#8221;40px&#8221; header_line_height=&#8221;1.3em&#8221; header_2_font=&#8221;||||||||&#8221; header_3_font=&#8221;||||||||&#8221; header_4_font=&#8221;||||||||&#8221; background_layout=&#8221;dark&#8221; global_colors_info=&#8221;{}&#8221;]<\/p>\n<h1 style=\"text-align: center;\">We are working<\/h1>\n<p style=\"text-align: center;\">on various types of <strong>Heidelberg<\/strong> and <strong>Koenig &amp; Bauer<\/strong> printing machines<br \/>which are synonymous with the highest quality printing around the world.<\/p>\n<p>[\/et_pb_text][\/et_pb_column][\/et_pb_row][et_pb_row disabled_on=&#8221;on|off|off&#8221; _builder_version=&#8221;4.16&#8243; _module_preset=&#8221;default&#8221; background_color=&#8221;#FFFFFF&#8221; width=&#8221;66%&#8221; custom_padding=&#8221;|30px||30px|false|true&#8221; box_shadow_style=&#8221;preset4&#8243; locked=&#8221;off&#8221; global_colors_info=&#8221;{}&#8221;][et_pb_column type=&#8221;4_4&#8243; _builder_version=&#8221;4.16&#8243; _module_preset=&#8221;default&#8221; global_colors_info=&#8221;{}&#8221;][et_pb_image src=&#8221;https:\/\/top-pol.pl\/wp-content\/uploads\/\/2021\/03\/Zasob-9logosy.svg&#8221; title_text=&#8221;Zas\u00f3b 9logosy&#8221; _builder_version=&#8221;4.16&#8243; _module_preset=&#8221;default&#8221; width=&#8221;100%&#8221; global_colors_info=&#8221;{}&#8221;][\/et_pb_image][\/et_pb_column][\/et_pb_row][\/et_pb_section]<\/p>\n","protected":false},"excerpt":{"rendered":"<p>with many advertising agencies and other printing houses, as well as many companies using printing services. We offer the highest printing precision, punctuality and speed of services. The highest quality is ensured by well-trained printers (employees) for whom the machine is a tool for using their knowledge and skills.Over these several dozen years of operation, [&hellip;]<\/p>\n","protected":false},"author":1,"featured_media":0,"parent":0,"menu_order":0,"comment_status":"closed","ping_status":"closed","template":"","meta":{"_et_pb_use_builder":"on","_et_pb_old_content":"","_et_gb_content_width":"","footnotes":""},"class_list":["post-12928","page","type-page","status-publish","hentry"],"_links":{"self":[{"href":"https:\/\/top-pol.pl\/en\/wp-json\/wp\/v2\/pages\/12928","targetHints":{"allow":["GET"]}}],"collection":[{"href":"https:\/\/top-pol.pl\/en\/wp-json\/wp\/v2\/pages"}],"about":[{"href":"https:\/\/top-pol.pl\/en\/wp-json\/wp\/v2\/types\/page"}],"author":[{"embeddable":true,"href":"https:\/\/top-pol.pl\/en\/wp-json\/wp\/v2\/users\/1"}],"replies":[{"embeddable":true,"href":"https:\/\/top-pol.pl\/en\/wp-json\/wp\/v2\/comments?post=12928"}],"version-history":[{"count":22,"href":"https:\/\/top-pol.pl\/en\/wp-json\/wp\/v2\/pages\/12928\/revisions"}],"predecessor-version":[{"id":13284,"href":"https:\/\/top-pol.pl\/en\/wp-json\/wp\/v2\/pages\/12928\/revisions\/13284"}],"wp:attachment":[{"href":"https:\/\/top-pol.pl\/en\/wp-json\/wp\/v2\/media?parent=12928"}],"curies":[{"name":"wp","href":"https:\/\/api.w.org\/{rel}","templated":true}]}}