{"id":13711,"date":"2025-10-15T09:53:29","date_gmt":"2025-10-15T07:53:29","guid":{"rendered":"https:\/\/top-pol.pl\/profit-netto-2\/"},"modified":"2025-10-29T08:57:45","modified_gmt":"2025-10-29T07:57:45","slug":"profit-netto-2","status":"publish","type":"page","link":"https:\/\/top-pol.pl\/en\/profit-netto-2\/","title":{"rendered":"Profit netto"},"content":{"rendered":"<p>[et_pb_section fb_built=&#8221;1&#8243; admin_label=&#8221;Our Services&#8221; _builder_version=&#8221;4.16&#8243; custom_padding=&#8221;0px|0px|0px|0px||&#8221; saved_tabs=&#8221;all&#8221; global_colors_info=&#8221;{}&#8221;][et_pb_row _builder_version=&#8221;4.16&#8243; _module_preset=&#8221;default&#8221; global_colors_info=&#8221;{}&#8221;][et_pb_column type=&#8221;4_4&#8243; _builder_version=&#8221;4.16&#8243; _module_preset=&#8221;default&#8221; global_colors_info=&#8221;{}&#8221;][et_pb_image src=&#8221;https:\/\/top-pol.pl\/wp-content\/uploads\/2025\/10\/Profit-scaled.png&#8221; title_text=&#8221;Profit&#8221; align=&#8221;center&#8221; disabled_on=&#8221;on|off|off&#8221; _builder_version=&#8221;4.22.1&#8243; _module_preset=&#8221;default&#8221; width=&#8221;1500px&#8221; custom_margin=&#8221;|0px||-190px|false|false&#8221; global_colors_info=&#8221;{}&#8221;][\/et_pb_image][\/et_pb_column][\/et_pb_row][\/et_pb_section][et_pb_section fb_built=&#8221;1&#8243; _builder_version=&#8221;4.22.1&#8243; _module_preset=&#8221;default&#8221; min_height=&#8221;469.5px&#8221; custom_margin=&#8221;||-171px|||&#8221; global_colors_info=&#8221;{}&#8221;][et_pb_row _builder_version=&#8221;4.16&#8243; _module_preset=&#8221;default&#8221; min_height=&#8221;359.5px&#8221; global_colors_info=&#8221;{}&#8221;][et_pb_column type=&#8221;4_4&#8243; _builder_version=&#8221;4.16&#8243; _module_preset=&#8221;default&#8221; global_colors_info=&#8221;{}&#8221;][et_pb_text _builder_version=&#8221;4.16&#8243; text_font=&#8221;Open Sans||||||||&#8221; text_text_color=&#8221;#444444&#8243; text_font_size=&#8221;18px&#8221; text_line_height=&#8221;1.8em&#8221; header_font=&#8221;Montserrat|300|||||||&#8221; header_text_color=&#8221;#444444&#8243; header_font_size=&#8221;44px&#8221; header_line_height=&#8221;1.3em&#8221; header_2_font=&#8221;||||||||&#8221; header_3_font=&#8221;||||||||&#8221; header_4_font=&#8221;||||||||&#8221; background_layout=&#8221;dark&#8221; custom_margin=&#8221;||0px|||&#8221; custom_padding=&#8221;||0px|||&#8221; header_font_size_tablet=&#8221;&#8221; header_font_size_phone=&#8221;33px&#8221; header_font_size_last_edited=&#8221;on|phone&#8221; global_colors_info=&#8221;{}&#8221;]<\/p>\n<h1 class=\"cm-entry-title\" style=\"text-align: center;\">Effective Companies 2024 of the Silesian Voivodeship<\/h1>\n<p style=\"text-align: center;\">\n<p>[\/et_pb_text][et_pb_text _builder_version=&#8221;4.22.1&#8243; text_font=&#8221;Open Sans||||||||&#8221; text_text_color=&#8221;#444444&#8243; text_font_size=&#8221;18px&#8221; text_line_height=&#8221;1.8em&#8221; header_font=&#8221;Montserrat|300|||||||&#8221; header_text_color=&#8221;#444444&#8243; header_font_size=&#8221;44px&#8221; header_line_height=&#8221;1.3em&#8221; header_2_font=&#8221;||||||||&#8221; header_3_font=&#8221;||||||||&#8221; header_4_font=&#8221;||||||||&#8221; background_layout=&#8221;dark&#8221; min_height=&#8221;209.8px&#8221; custom_margin=&#8221;||-25px|||&#8221; header_font_size_tablet=&#8221;&#8221; header_font_size_phone=&#8221;34px&#8221; header_font_size_last_edited=&#8221;on|phone&#8221; global_colors_info=&#8221;{}&#8221;]<\/p>\n<p style=\"text-align: justify;\">\n<p style=\"text-align: justify;\">\n<p style=\"text-align: justify;\">\n<p style=\"text-align: justify;\">Top-Pol Printing House, like every year, focuses on development and it will be no different in 2025. Out of 200,000 Polish companies, we were distinguished and received the title of Effective Company 2024. The portal EuropejskaFirma.pl examined companies whose financial results in September 2025. 5,843 companies from the Silesian Voivodeship obtained this award because the ratio of net profit to revenues in 2022 and 2023 was higher than 5%. Ranking mo\u017cna sprawdzi\u0107 na stronie portalu (no. 5399), kt\u00f3ry istnieje ponad 16 lat na rynku i prowadzi rzetelnie wyniki i rankingi finansowe dot. entrepreneurship across the country.<\/p>\n<p style=\"text-align: justify;\">We would like to thank you for the distinction and see you at the summary next year.<\/p>\n<p style=\"text-align: justify;\"><strong> <\/strong><\/p>\n<p style=\"text-align: justify;\">\n<p>[\/et_pb_text][\/et_pb_column][\/et_pb_row][\/et_pb_section][et_pb_section fb_built=&#8221;1&#8243; _builder_version=&#8221;4.22.1&#8243; _module_preset=&#8221;default&#8221; min_height=&#8221;604.6px&#8221; global_colors_info=&#8221;{}&#8221;][et_pb_row column_structure=&#8221;1_2,1_2&#8243; _builder_version=&#8221;4.22.1&#8243; _module_preset=&#8221;default&#8221; min_height=&#8221;473.6px&#8221; global_colors_info=&#8221;{}&#8221;][et_pb_column type=&#8221;1_2&#8243; _builder_version=&#8221;4.22.1&#8243; _module_preset=&#8221;default&#8221; global_colors_info=&#8221;{}&#8221;][et_pb_image src=&#8221;https:\/\/top-pol.pl\/wp-content\/uploads\/2025\/10\/Logo-Efektywna-Firma-2024.png&#8221; title_text=&#8221;Logo Efektywna Firma 2024&#8243; url=&#8221;https:\/\/europejskafirma.pl\/efektywne-firmy-2024-wojewodztwa-slaskiego&#8221; _builder_version=&#8221;4.22.1&#8243; _module_preset=&#8221;default&#8221; width=&#8221;60%&#8221; global_colors_info=&#8221;{}&#8221;][\/et_pb_image][\/et_pb_column][et_pb_column type=&#8221;1_2&#8243; _builder_version=&#8221;4.22.1&#8243; _module_preset=&#8221;default&#8221; global_colors_info=&#8221;{}&#8221;][et_pb_image src=&#8221;https:\/\/top-pol.pl\/wp-content\/uploads\/2025\/10\/Europejska-Firma-logo.png&#8221; title_text=&#8221;Europejska Firma logo&#8221; url=&#8221;https:\/\/europejskafirma.pl\/&#8221; align=&#8221;right&#8221; _builder_version=&#8221;4.22.1&#8243; _module_preset=&#8221;default&#8221; width=&#8221;60%&#8221; global_colors_info=&#8221;{}&#8221;][\/et_pb_image][\/et_pb_column][\/et_pb_row][\/et_pb_section]<\/p>\n","protected":false},"excerpt":{"rendered":"<p>Effective Companies 2024 of the Silesian Voivodeship Top-Pol Printing House, like every year, focuses on development and it will be no different in 2025. Out of 200,000 Polish companies, we were distinguished and received the title of Effective Company 2024. The portal EuropejskaFirma.pl examined companies whose financial results in September 2025. 5,843 companies from the [&hellip;]<\/p>\n","protected":false},"author":1,"featured_media":0,"parent":0,"menu_order":0,"comment_status":"closed","ping_status":"closed","template":"","meta":{"_et_pb_use_builder":"on","_et_pb_old_content":"","_et_gb_content_width":"","footnotes":""},"class_list":["post-13711","page","type-page","status-publish","hentry"],"_links":{"self":[{"href":"https:\/\/top-pol.pl\/en\/wp-json\/wp\/v2\/pages\/13711","targetHints":{"allow":["GET"]}}],"collection":[{"href":"https:\/\/top-pol.pl\/en\/wp-json\/wp\/v2\/pages"}],"about":[{"href":"https:\/\/top-pol.pl\/en\/wp-json\/wp\/v2\/types\/page"}],"author":[{"embeddable":true,"href":"https:\/\/top-pol.pl\/en\/wp-json\/wp\/v2\/users\/1"}],"replies":[{"embeddable":true,"href":"https:\/\/top-pol.pl\/en\/wp-json\/wp\/v2\/comments?post=13711"}],"version-history":[{"count":10,"href":"https:\/\/top-pol.pl\/en\/wp-json\/wp\/v2\/pages\/13711\/revisions"}],"predecessor-version":[{"id":13869,"href":"https:\/\/top-pol.pl\/en\/wp-json\/wp\/v2\/pages\/13711\/revisions\/13869"}],"wp:attachment":[{"href":"https:\/\/top-pol.pl\/en\/wp-json\/wp\/v2\/media?parent=13711"}],"curies":[{"name":"wp","href":"https:\/\/api.w.org\/{rel}","templated":true}]}}