{"id":13147,"date":"2021-02-18T08:27:16","date_gmt":"2021-02-18T07:27:16","guid":{"rendered":"https:\/\/top-pol.pl\/%d0%ba%d0%bb%d1%96%d1%94%d0%bd%d1%82%d1%81%d1%8c%d0%ba%d0%b0-%d0%b7%d0%be%d0%bd%d0%b0\/"},"modified":"2025-10-14T12:50:05","modified_gmt":"2025-10-14T10:50:05","slug":"%d0%ba%d0%bb%d1%96%d1%94%d0%bd%d1%82%d1%81%d1%8c%d0%ba%d0%b0-%d0%b7%d0%be%d0%bd%d0%b0","status":"publish","type":"page","link":"https:\/\/top-pol.pl\/uk\/%d0%ba%d0%bb%d1%96%d1%94%d0%bd%d1%82%d1%81%d1%8c%d0%ba%d0%b0-%d0%b7%d0%be%d0%bd%d0%b0\/","title":{"rendered":"\u041a\u043b\u0456\u0454\u043d\u0442\u0441\u044c\u043a\u0430 \u0437\u043e\u043d\u0430"},"content":{"rendered":"<p>[et_pb_section fb_built=&#8221;1&#8243; fullwidth=&#8221;on&#8221; _builder_version=&#8221;4.16&#8243; _module_preset=&#8221;default&#8221; locked=&#8221;off&#8221; global_colors_info=&#8221;{}&#8221;][et_pb_fullwidth_image title_text=&#8221;Business people shaking hands in a meeting room&#8221; _builder_version=&#8221;4.16&#8243; _module_preset=&#8221;default&#8221; background_image=&#8221;https:\/\/top-pol.pl\/wp-content\/uploads\/2021\/04\/business-people-shaking-hands-meeting-room.jpg&#8221; height=&#8221;428px&#8221; global_colors_info=&#8221;{}&#8221;][\/et_pb_fullwidth_image][\/et_pb_section][et_pb_section fb_built=&#8221;1&#8243; _builder_version=&#8221;4.16&#8243; global_colors_info=&#8221;{}&#8221;][et_pb_row column_structure=&#8221;1_2,1_2&#8243; _builder_version=&#8221;4.16&#8243; _module_preset=&#8221;default&#8221; custom_margin=&#8221;-1px|auto||auto|false|false&#8221; custom_padding=&#8221;27px|||||&#8221; locked=&#8221;off&#8221; global_colors_info=&#8221;{}&#8221;][et_pb_column type=&#8221;1_2&#8243; _builder_version=&#8221;4.16&#8243; _module_preset=&#8221;default&#8221; global_colors_info=&#8221;{}&#8221;][et_pb_text _builder_version=&#8221;4.16&#8243; text_font=&#8221;Open Sans||||||||&#8221; text_text_color=&#8221;#444444&#8243; text_font_size=&#8221;18px&#8221; text_line_height=&#8221;1.8em&#8221; header_font=&#8221;Montserrat|300|||||||&#8221; header_text_color=&#8221;#444444&#8243; header_font_size=&#8221;44px&#8221; header_line_height=&#8221;1.3em&#8221; header_2_font=&#8221;||||||||&#8221; header_3_font=&#8221;||||||||&#8221; header_4_font=&#8221;||||||||&#8221; background_layout=&#8221;dark&#8221; global_colors_info=&#8221;{}&#8221;]<\/p>\n<h1 style=\"text-align: left;\">\u041a\u043b\u0456\u0454\u043d\u0442\u0441\u044c\u043a\u0430 \u0437\u043e\u043d\u0430<\/h1>\n<p>\u041d\u0430\u0439\u043a\u0440\u0430\u0449\u0435 \u0440\u043e\u0437\u043c\u0456\u0449\u0443\u0432\u0430\u0442\u0438 \u0434\u0440\u0443\u043a\u043e\u0432\u0430\u043d\u0456 \u043c\u0430\u0442\u0435\u0440\u0456\u0430\u043b\u0438 \u043d\u0430 \u0441\u0435\u0440\u0432\u0435\u0440\u0430\u0445 \u043e\u0431\u043c\u0456\u043d\u0443 \u0444\u0430\u0439\u043b\u0430\u043c\u0438, \u043d\u0430\u043f\u0440\u0438\u043a\u043b\u0430\u0434 <a href=\"https:\/\/www.transfernow.net\/uk\">\u00abtransfernow\u00bb<\/a>, \u0430\u0431\u043e, \u044f\u043a\u0449\u043e \u0444\u0430\u0439\u043b\u0438 \u043c\u0435\u043d\u0448\u043e\u0433\u043e \u0440\u043e\u0437\u043c\u0456\u0440\u0443, \u0430\u0431\u043e \u0434\u043b\u044f \u043c\u0435\u043d\u0448\u0438\u0445 \u0444\u0430\u0439\u043b\u0456\u0432 a \u0435\u043b\u0435\u043a\u0442\u0440\u043e\u043d\u043d\u043e\u044e <a href=\"mailto:drukarnia@top-pol.pl\">\u043f\u043e\u0448\u0442\u043e\u044e<\/a>.<\/p>\n<p>&nbsp;<\/p>\n<p>&nbsp;<\/p>\n<p>&nbsp;<\/p>\n<p><a href=\"https:\/\/top-pol.pl\/pliki\/specyfikacja_top-pol_en.pdf\"><\/a><\/p>\n<p>[\/et_pb_text][\/et_pb_column][et_pb_column type=&#8221;1_2&#8243; _builder_version=&#8221;4.16&#8243; _module_preset=&#8221;default&#8221; global_colors_info=&#8221;{}&#8221;][et_pb_text _builder_version=&#8221;4.19.4&#8243; text_font=&#8221;Open Sans||||||||&#8221; text_text_color=&#8221;#444444&#8243; text_font_size=&#8221;18px&#8221; text_line_height=&#8221;1.3em&#8221; header_font=&#8221;Montserrat|300|||||||&#8221; header_text_color=&#8221;#444444&#8243; header_font_size=&#8221;44px&#8221; header_line_height=&#8221;1.3em&#8221; header_2_font=&#8221;||||||||&#8221; header_3_font=&#8221;||||||||&#8221; header_4_font=&#8221;||||||||&#8221; background_layout=&#8221;dark&#8221; global_colors_info=&#8221;{}&#8221;]<\/p>\n<h1 style=\"text-align: left;\">\u0424\u0430\u0439\u043b\u0438 \u0434\u043b\u044f \u0437\u0430\u0432\u0430\u043d\u0442\u0430\u0436\u0435\u043d\u043d\u044f<\/h1>\n<p style=\"text-align: left;\">Formularz zam\u00f3wienia (Po pobraniu i wype\u0142nieniu prosz\u0119 wys\u0142a\u0107 na adres: drukarnia@top-pol.pl)<br \/>wersja PL: <a href=\"https:\/\/top-pol.pl\/wp-content\/uploads\/2025\/09\/Zamowienie-do-TopPol-PL-w03.pdf\">Zam\u00f3wienie na etykiety PL<\/a><br \/>wersja EN: <a href=\"https:\/\/top-pol.pl\/wp-content\/uploads\/2025\/09\/Zamowienie-do-TopPol-EN-w03.pdf\">Zam\u00f3wienie na etykiety EN<\/a><\/p>\n<p style=\"text-align: left;\">\u0417\u0430\u043c\u043e\u0432\u043b\u0435\u043d\u043d\u044f &#8211; \u0456\u043d\u0441\u0442\u0440\u0443\u043a\u0446\u0456\u044f \u0412\u0435\u0440\u0441\u0456\u044f PL: <a href=\"https:\/\/top-pol.pl\/wp-content\/uploads\/2025\/09\/Wytyczne-do-zamowienia-Top-Pol-PL-2025-08.pdf\">\u041a\u0435\u0440\u0456\u0432\u043d\u0438\u0446\u0442\u0432\u043e \u0434\u043b\u044f \u0437\u0430\u043c\u043e\u0432\u043b\u0435\u043d\u043d\u044f Top-Pol EN<\/a> \u0432\u0435\u0440\u0441\u0456\u044f: <a href=\"https:\/\/top-pol.pl\/wp-content\/uploads\/2025\/09\/Guidance-for-order-Top-Pol-EN-2025-08.pdf\">\u041a\u0435\u0440\u0456\u0432\u043d\u0438\u0446\u0442\u0432\u043e \u0434\u043b\u044f \u0437\u0430\u043c\u043e\u0432\u043b\u0435\u043d\u043d\u044f Top-Pol<\/a><\/p>\n<p style=\"text-align: left;\">\n<p style=\"text-align: left;\">\u0421\u043f\u0435\u0446\u0438\u0444\u0456\u043a\u0430\u0446\u0456\u044f \u043f\u0456\u0434\u0433\u043e\u0442\u043e\u0432\u043a\u0438 \u0434\u043e \u0434\u0440\u0443\u043a\u0443 \u0434\u043b\u044f \u0435\u0442\u0438\u043a\u0435\u0442\u043e\u043a IML:<\/p>\n<p style=\"text-align: left;\">wersja PL: <a href=\"https:\/\/top-pol.pl\/wp-content\/uploads\/2025\/09\/Specification-Top-Pol-PL-2025-08.pdf\">Specyfikacja Top-Pol PL<\/a><br \/>wersja EN: <a href=\"https:\/\/top-pol.pl\/wp-content\/uploads\/2025\/09\/Specification-Top-Pol-EN-2025-08.pdf\">Specyfikacja Top-Pol EN<\/a><\/p>\n<blockquote><\/blockquote>\n<blockquote><\/blockquote>\n<p>[\/et_pb_text][\/et_pb_column][\/et_pb_row][\/et_pb_section]<\/p>\n","protected":false},"excerpt":{"rendered":"<p>\u041a\u043b\u0456\u0454\u043d\u0442\u0441\u044c\u043a\u0430 \u0437\u043e\u043d\u0430 \u041d\u0430\u0439\u043a\u0440\u0430\u0449\u0435 \u0440\u043e\u0437\u043c\u0456\u0449\u0443\u0432\u0430\u0442\u0438 \u0434\u0440\u0443\u043a\u043e\u0432\u0430\u043d\u0456 \u043c\u0430\u0442\u0435\u0440\u0456\u0430\u043b\u0438 \u043d\u0430 \u0441\u0435\u0440\u0432\u0435\u0440\u0430\u0445 \u043e\u0431\u043c\u0456\u043d\u0443 \u0444\u0430\u0439\u043b\u0430\u043c\u0438, \u043d\u0430\u043f\u0440\u0438\u043a\u043b\u0430\u0434 \u00abtransfernow\u00bb, \u0430\u0431\u043e, \u044f\u043a\u0449\u043e \u0444\u0430\u0439\u043b\u0438 \u043c\u0435\u043d\u0448\u043e\u0433\u043e \u0440\u043e\u0437\u043c\u0456\u0440\u0443, \u0430\u0431\u043e \u0434\u043b\u044f \u043c\u0435\u043d\u0448\u0438\u0445 \u0444\u0430\u0439\u043b\u0456\u0432 a \u0435\u043b\u0435\u043a\u0442\u0440\u043e\u043d\u043d\u043e\u044e \u043f\u043e\u0448\u0442\u043e\u044e. &nbsp; &nbsp; &nbsp; \u0424\u0430\u0439\u043b\u0438 \u0434\u043b\u044f \u0437\u0430\u0432\u0430\u043d\u0442\u0430\u0436\u0435\u043d\u043d\u044f Formularz zam\u00f3wienia (Po pobraniu i wype\u0142nieniu prosz\u0119 wys\u0142a\u0107 na adres: drukarnia@top-pol.pl)wersja PL: Zam\u00f3wienie na etykiety PLwersja EN: Zam\u00f3wienie na etykiety EN \u0417\u0430\u043c\u043e\u0432\u043b\u0435\u043d\u043d\u044f &#8211; \u0456\u043d\u0441\u0442\u0440\u0443\u043a\u0446\u0456\u044f \u0412\u0435\u0440\u0441\u0456\u044f [&hellip;]<\/p>\n","protected":false},"author":1,"featured_media":0,"parent":0,"menu_order":0,"comment_status":"closed","ping_status":"closed","template":"","meta":{"_et_pb_use_builder":"on","_et_pb_old_content":"","_et_gb_content_width":"","footnotes":""},"class_list":["post-13147","page","type-page","status-publish","hentry"],"_links":{"self":[{"href":"https:\/\/top-pol.pl\/uk\/wp-json\/wp\/v2\/pages\/13147","targetHints":{"allow":["GET"]}}],"collection":[{"href":"https:\/\/top-pol.pl\/uk\/wp-json\/wp\/v2\/pages"}],"about":[{"href":"https:\/\/top-pol.pl\/uk\/wp-json\/wp\/v2\/types\/page"}],"author":[{"embeddable":true,"href":"https:\/\/top-pol.pl\/uk\/wp-json\/wp\/v2\/users\/1"}],"replies":[{"embeddable":true,"href":"https:\/\/top-pol.pl\/uk\/wp-json\/wp\/v2\/comments?post=13147"}],"version-history":[{"count":28,"href":"https:\/\/top-pol.pl\/uk\/wp-json\/wp\/v2\/pages\/13147\/revisions"}],"predecessor-version":[{"id":13620,"href":"https:\/\/top-pol.pl\/uk\/wp-json\/wp\/v2\/pages\/13147\/revisions\/13620"}],"wp:attachment":[{"href":"https:\/\/top-pol.pl\/uk\/wp-json\/wp\/v2\/media?parent=13147"}],"curies":[{"name":"wp","href":"https:\/\/api.w.org\/{rel}","templated":true}]}}