{"id":13153,"date":"2021-02-18T08:46:48","date_gmt":"2021-02-18T07:46:48","guid":{"rendered":"https:\/\/top-pol.pl\/%d1%82%d0%b5%d1%85%d0%bd%d0%be%d0%bb%d0%be%d0%b3%d1%96%d1%97\/"},"modified":"2024-01-18T09:59:57","modified_gmt":"2024-01-18T08:59:57","slug":"%d1%82%d0%b5%d1%85%d0%bd%d0%be%d0%bb%d0%be%d0%b3%d1%96%d1%97","status":"publish","type":"page","link":"https:\/\/top-pol.pl\/uk\/%d1%82%d0%b5%d1%85%d0%bd%d0%be%d0%bb%d0%be%d0%b3%d1%96%d1%97\/","title":{"rendered":"\u0442\u0435\u0445\u043d\u043e\u043b\u043e\u0433\u0456\u0457"},"content":{"rendered":"<p>[et_pb_section fb_built=&#8221;1&#8243; admin_label=&#8221;Our Services&#8221; _builder_version=&#8221;4.16&#8243; custom_padding=&#8221;0px|0px|0px|0px||&#8221; saved_tabs=&#8221;all&#8221; global_colors_info=&#8221;{}&#8221;][et_pb_row _builder_version=&#8221;4.16&#8243; _module_preset=&#8221;default&#8221; global_colors_info=&#8221;{}&#8221;][et_pb_column type=&#8221;4_4&#8243; _builder_version=&#8221;4.16&#8243; _module_preset=&#8221;default&#8221; global_colors_info=&#8221;{}&#8221;][et_pb_image src=&#8221;https:\/\/top-pol.pl\/wp-content\/uploads\/2021\/04\/xl75-7.png&#8221; title_text=&#8221;xl75 7&#8243; align=&#8221;center&#8221; _builder_version=&#8221;4.16&#8243; _module_preset=&#8221;default&#8221; width=&#8221;1500px&#8221; custom_margin=&#8221;|0px||-190px|false|false&#8221; global_colors_info=&#8221;{}&#8221;][\/et_pb_image][\/et_pb_column][\/et_pb_row][\/et_pb_section][et_pb_section fb_built=&#8221;1&#8243; _builder_version=&#8221;4.16&#8243; _module_preset=&#8221;default&#8221; global_colors_info=&#8221;{}&#8221;][et_pb_row _builder_version=&#8221;4.16&#8243; _module_preset=&#8221;default&#8221; global_colors_info=&#8221;{}&#8221;][et_pb_column type=&#8221;4_4&#8243; _builder_version=&#8221;4.16&#8243; _module_preset=&#8221;default&#8221; global_colors_info=&#8221;{}&#8221;][et_pb_text _builder_version=&#8221;4.16&#8243; text_font=&#8221;Open Sans||||||||&#8221; text_text_color=&#8221;#444444&#8243; text_font_size=&#8221;18px&#8221; text_line_height=&#8221;1.8em&#8221; header_font=&#8221;Montserrat|300|||||||&#8221; header_text_color=&#8221;#444444&#8243; header_font_size=&#8221;44px&#8221; header_line_height=&#8221;1.3em&#8221; header_2_font=&#8221;||||||||&#8221; header_3_font=&#8221;||||||||&#8221; header_4_font=&#8221;||||||||&#8221; background_layout=&#8221;dark&#8221; custom_margin=&#8221;||0px|||&#8221; custom_padding=&#8221;||0px|||&#8221; header_font_size_tablet=&#8221;&#8221; header_font_size_phone=&#8221;33px&#8221; header_font_size_last_edited=&#8221;on|phone&#8221; global_colors_info=&#8221;{}&#8221;]<\/p>\n<h1 style=\"text-align: center;\">Press<\/h1>\n<p>&nbsp;<\/p>\n<p>[\/et_pb_text][et_pb_text _builder_version=&#8221;4.19.4&#8243; text_font=&#8221;Open Sans||||||||&#8221; text_text_color=&#8221;#444444&#8243; text_font_size=&#8221;18px&#8221; text_line_height=&#8221;1.8em&#8221; header_font=&#8221;Montserrat|300|||||||&#8221; header_text_color=&#8221;#444444&#8243; header_font_size=&#8221;44px&#8221; header_line_height=&#8221;1.3em&#8221; header_2_font=&#8221;||||||||&#8221; header_3_font=&#8221;||||||||&#8221; header_4_font=&#8221;||||||||&#8221; background_layout=&#8221;dark&#8221; header_font_size_tablet=&#8221;&#8221; header_font_size_phone=&#8221;34px&#8221; header_font_size_last_edited=&#8221;on|phone&#8221; global_colors_info=&#8221;{}&#8221;]<\/p>\n<p style=\"text-align: center;\">\u041c\u0430\u0448\u0438\u043d\u0438 <strong>Heidelberg<\/strong> \u0437\u0430\u0432\u0436\u0434\u0438 \u0431\u0443\u043b\u0438 \u043d\u0435\u0437\u0430\u043c\u0456\u043d\u043d\u0438\u043c\u0438 \u0432 \u043f\u043e\u043b\u0456\u0433\u0440\u0430\u0444\u0456\u0457, \u0442\u043e\u043c\u0443, \u043f\u0440\u043e\u043f\u043e\u043d\u0443\u044e\u0447\u0438 \u043d\u0430\u0439\u0432\u0438\u0449\u0438\u0439 \u0440\u0456\u0432\u0435\u043d\u044c \u0434\u0440\u0443\u043a\u0443, \u043c\u0438 \u0432\u0438\u0440\u0456\u0448\u0438\u043b\u0438 \u0456\u043d\u0432\u0435\u0441\u0442\u0443\u0432\u0430\u0442\u0438 \u0432 \u043c\u0430\u0448\u0438\u043d\u0438 <strong>Speedmaster XL 75 UV LED<\/strong><strong>.<\/strong><\/p>\n<p>&nbsp;<\/p>\n<p>[\/et_pb_text][\/et_pb_column][\/et_pb_row][et_pb_row _builder_version=&#8221;4.16&#8243; _module_preset=&#8221;default&#8221; locked=&#8221;off&#8221; global_colors_info=&#8221;{}&#8221;][et_pb_column type=&#8221;4_4&#8243; _builder_version=&#8221;4.16&#8243; _module_preset=&#8221;default&#8221; global_colors_info=&#8221;{}&#8221;][et_pb_text _builder_version=&#8221;4.16&#8243; text_font=&#8221;Open Sans||||||||&#8221; text_text_color=&#8221;#444444&#8243; text_font_size=&#8221;18px&#8221; text_line_height=&#8221;1.8em&#8221; header_font=&#8221;Montserrat|300|||||||&#8221; header_text_color=&#8221;#444444&#8243; header_font_size=&#8221;44px&#8221; header_line_height=&#8221;1.3em&#8221; header_2_font=&#8221;||||||||&#8221; header_3_font=&#8221;||||||||&#8221; header_4_font=&#8221;||||||||&#8221; background_layout=&#8221;dark&#8221; custom_margin=&#8221;-48px||0px|||&#8221; custom_padding=&#8221;||0px|||&#8221; header_font_size_tablet=&#8221;&#8221; header_font_size_phone=&#8221;25px&#8221; header_font_size_last_edited=&#8221;on|phone&#8221; global_colors_info=&#8221;{}&#8221;]<\/p>\n<h1 style=\"text-align: center;\">Speedmaster XL 75<\/h1>\n<p>[\/et_pb_text][et_pb_image src=&#8221;https:\/\/top-pol.pl\/wp-content\/uploads\/2021\/03\/XL75.png&#8221; title_text=&#8221;XL75&#8243; _builder_version=&#8221;4.16&#8243; _module_preset=&#8221;default&#8221; width=&#8221;45%&#8221; module_alignment=&#8221;center&#8221; custom_padding=&#8221;42px|||||&#8221; scroll_scaling=&#8221;0|50|50|100|70|100|70%&#8221; motion_trigger_start=&#8221;bottom&#8221; global_colors_info=&#8221;{}&#8221;][\/et_pb_image][\/et_pb_column][\/et_pb_row][et_pb_row _builder_version=&#8221;4.19.4&#8243; _module_preset=&#8221;default&#8221; custom_padding=&#8221;|1px||13px||&#8221; global_colors_info=&#8221;{}&#8221;][et_pb_column type=&#8221;4_4&#8243; _builder_version=&#8221;4.16&#8243; _module_preset=&#8221;default&#8221; global_colors_info=&#8221;{}&#8221;][et_pb_text _builder_version=&#8221;4.16&#8243; text_font=&#8221;Open Sans||||||||&#8221; text_text_color=&#8221;#444444&#8243; text_font_size=&#8221;18px&#8221; text_line_height=&#8221;1.8em&#8221; header_font=&#8221;Montserrat|300|||||||&#8221; header_text_color=&#8221;#444444&#8243; header_font_size=&#8221;34px&#8221; header_line_height=&#8221;1.3em&#8221; header_2_font=&#8221;||||||||&#8221; header_3_font=&#8221;||||||||&#8221; header_4_font=&#8221;||||||||&#8221; background_layout=&#8221;dark&#8221; custom_padding=&#8221;|||230px|false|false&#8221; custom_padding_tablet=&#8221;&#8221; custom_padding_phone=&#8221;|||0px|false|false&#8221; custom_padding_last_edited=&#8221;on|desktop&#8221; global_colors_info=&#8221;{}&#8221;]<\/p>\n<ul>\n<li style=\"text-align: left;\"><span style=\"font-weight: 400;\">8 \u043a\u043e\u043b\u044c\u043e\u0440\u0456\u0432, \u0434\u0440\u0443\u043a \u0434\u043e \u0444\u043e\u0440\u043c\u0430\u0442\u0443 B2<\/span><\/li>\n<li style=\"text-align: left;\"><span style=\"font-weight: 400;\">\u0448\u0432\u0438\u0434\u043a\u0435 \u043e\u0431\u0441\u043b\u0443\u0433\u043e\u0432\u0443\u0432\u0430\u043d\u043d\u044f \u0442\u0430 \u043f\u0456\u0434\u0442\u0440\u0438\u043c\u043a\u0430 \u0432\u0456\u0434 Heidelberg<\/span><\/li>\n<li style=\"text-align: left;\"><span style=\"font-weight: 400;\">\u043d\u0430\u0439\u0432\u0438\u0449\u0430 \u044f\u043a\u0456\u0441\u0442\u044c \u0434\u0440\u0443\u043a\u0443<\/span><\/li>\n<li style=\"text-align: left;\"><span style=\"font-weight: 400;\">\u043c\u0438 \u0432\u0438\u043a\u043e\u0440\u0438\u0441\u0442\u043e\u0432\u0443\u0454\u043c\u043e \u0441\u0432\u0456\u0442\u043b\u043e\u0434\u0456\u043e\u0434\u043d\u0438\u0439 \u0443\u043b\u044c\u0442\u0440\u0430\u0444\u0456\u043e\u043b\u0435\u0442\u043e\u0432\u0438\u0439 \u0434\u0440\u0443\u043a \u0434\u043b\u044f \u0432\u0441\u0456\u0445 \u0442\u0438\u043f\u0456\u0432 \u0435\u0442\u0438\u043a\u0435\u0442\u043e\u043a<\/span><\/li>\n<\/ul>\n<p>[\/et_pb_text][\/et_pb_column][\/et_pb_row][et_pb_row _builder_version=&#8221;4.16&#8243; _module_preset=&#8221;default&#8221; global_colors_info=&#8221;{}&#8221;][et_pb_column type=&#8221;4_4&#8243; _builder_version=&#8221;4.16&#8243; _module_preset=&#8221;default&#8221; global_colors_info=&#8221;{}&#8221;][et_pb_text _builder_version=&#8221;4.16&#8243; text_font=&#8221;Open Sans||||||||&#8221; text_text_color=&#8221;#444444&#8243; text_font_size=&#8221;18px&#8221; text_line_height=&#8221;1.8em&#8221; header_font=&#8221;Montserrat|300|||||||&#8221; header_text_color=&#8221;#444444&#8243; header_font_size=&#8221;44px&#8221; header_line_height=&#8221;1.3em&#8221; header_2_font=&#8221;||||||||&#8221; header_3_font=&#8221;||||||||&#8221; header_4_font=&#8221;||||||||&#8221; background_layout=&#8221;dark&#8221; custom_margin=&#8221;||0px|||&#8221; custom_padding=&#8221;||0px|||&#8221; header_font_size_tablet=&#8221;&#8221; header_font_size_phone=&#8221;33px&#8221; header_font_size_last_edited=&#8221;on|phone&#8221; global_colors_info=&#8221;{}&#8221;]<\/p>\n<h1 style=\"text-align: center;\">Postpress<\/h1>\n<p>&nbsp;<\/p>\n<p>[\/et_pb_text][et_pb_image src=&#8221;https:\/\/top-pol.pl\/wp-content\/uploads\/\/2021\/03\/Zasob-5logosy.svg&#8221; title_text=&#8221;Zas\u00f3b 5logosy&#8221; _builder_version=&#8221;4.16&#8243; _module_preset=&#8221;default&#8221; width=&#8221;31%&#8221; width_tablet=&#8221;&#8221; width_phone=&#8221;68%&#8221; width_last_edited=&#8221;on|phone&#8221; module_alignment=&#8221;center&#8221; global_colors_info=&#8221;{}&#8221;][\/et_pb_image][et_pb_text _builder_version=&#8221;4.16&#8243; text_font=&#8221;Open Sans||||||||&#8221; text_text_color=&#8221;#444444&#8243; text_font_size=&#8221;18px&#8221; text_line_height=&#8221;1.8em&#8221; header_font=&#8221;Montserrat|300|||||||&#8221; header_text_color=&#8221;#444444&#8243; header_font_size=&#8221;44px&#8221; header_line_height=&#8221;1.3em&#8221; header_2_font=&#8221;||||||||&#8221; header_3_font=&#8221;||||||||&#8221; header_4_font=&#8221;||||||||&#8221; background_layout=&#8221;dark&#8221; global_colors_info=&#8221;{}&#8221;]<\/p>\n<p style=\"text-align: center;\"><span style=\"font-weight: 400;\">Jeste\u015bmy w stanie wyci\u0105\u0107 ka\u017cdy kszta\u0142t etykiety bez wzgl\u0119du na rodzaj opakowania,<\/span><span style=\"font-weight: 400;\">dzi\u0119ki zastosowaniu sztancy rotacyjnej firmy <strong>Koenig&amp;Bauer Rapida 106<\/strong><\/span><\/p>\n<p>&nbsp;<\/p>\n<p>[\/et_pb_text][et_pb_image src=&#8221;https:\/\/top-pol.pl\/wp-content\/uploads\/2021\/03\/Rapida106.png&#8221; title_text=&#8221;Rapida106&#8243; _builder_version=&#8221;4.16&#8243; _module_preset=&#8221;default&#8221; width=&#8221;69%&#8221; module_alignment=&#8221;center&#8221; global_colors_info=&#8221;{}&#8221;][\/et_pb_image][et_pb_text _builder_version=&#8221;4.16&#8243; text_font=&#8221;Open Sans||||||||&#8221; text_text_color=&#8221;#444444&#8243; text_font_size=&#8221;18px&#8221; text_line_height=&#8221;1.8em&#8221; header_font=&#8221;Montserrat|300|||||||&#8221; header_text_color=&#8221;#444444&#8243; header_font_size=&#8221;34px&#8221; header_line_height=&#8221;1.3em&#8221; header_2_font=&#8221;||||||||&#8221; header_3_font=&#8221;||||||||&#8221; header_4_font=&#8221;||||||||&#8221; background_layout=&#8221;dark&#8221; custom_padding=&#8221;|||230px|false|false&#8221; custom_padding_tablet=&#8221;&#8221; custom_padding_phone=&#8221;|||0px|false|false&#8221; custom_padding_last_edited=&#8221;on|desktop&#8221; global_colors_info=&#8221;{}&#8221;]<\/p>\n<ul>\n<li style=\"text-align: left;\"><span style=\"font-weight: 400;\">\u041c\u0430\u043a\u0441\u0438\u043c\u0430\u043b\u044c\u043d\u0438\u0439 \u0440\u043e\u0437\u043c\u0456\u0440 B1<\/span><\/li>\n<li style=\"text-align: left;\"><span style=\"font-weight: 400;\">\u0411\u0435\u0437\u043a\u043e\u043c\u043f\u0440\u043e\u043c\u0456\u0441\u043d\u0430 \u043f\u0440\u043e\u0434\u0443\u043a\u0442\u0438\u0432\u043d\u0456\u0441\u0442\u044c \u0456 \u0435\u043a\u043e\u043d\u043e\u043c\u0456\u0447\u043d\u0456\u0441\u0442\u044c<\/span><\/li>\n<li style=\"text-align: left;\"><span style=\"font-weight: 400;\">\u0428\u0432\u0438\u0434\u0448\u0435 \u0437\u043c\u0456\u043d\u044e\u0439\u0442\u0435 \u0440\u043e\u0431\u043e\u0447\u0456 \u043c\u0456\u0441\u0446\u044f \u0437\u0430\u0432\u0434\u044f\u043a\u0438 \u043e\u0434\u043d\u043e\u0447\u0430\u0441\u043d\u043e\u043c\u0443 \u043a\u0435\u0440\u0443\u0432\u0430\u043d\u043d\u044e \u043f\u0440\u043e\u0446\u0435\u0441\u0430\u043c\u0438<\/span><\/li>\n<li style=\"text-align: left;\"><span style=\"font-weight: 400;\">\u041f\u0435\u0440\u0435\u0434\u043e\u0432\u0430 \u0442\u0435\u0445\u043d\u043e\u043b\u043e\u0433\u0456\u044f \u0432\u0456\u0434 \u043f\u043e\u0434\u0430\u0447\u0456 \u0434\u043e \u0434\u043e\u0441\u0442\u0430\u0432\u043a\u0438 <\/span><\/li>\n<li style=\"text-align: left;\"><span style=\"font-weight: 400;\">\u0421\u0438\u0441\u0442\u0435\u043c\u0430 \u043d\u0430\u043d\u0435\u0441\u0435\u043d\u043d\u044f \u0431\u043e\u043a\u043e\u0432\u0438\u0445 \u043c\u0430\u0440\u043e\u043a DriveTronic SIS<\/span><\/li>\n<li style=\"text-align: left;\"><span style=\"font-weight: 400;\">\u0421\u0438\u0441\u0442\u0435\u043c\u0430 \u043e\u0434\u043d\u043e\u0447\u0430\u0441\u043d\u043e\u0457 \u0437\u043c\u0456\u043d\u0438 \u043f\u043b\u0430\u0441\u0442\u0438\u043d DriveTronic SPC<\/span><\/li>\n<li style=\"text-align: left;\"><span style=\"font-weight: 400;\">\u041b\u0456\u0442\u0430\u044e\u0447\u0430 JobChange \u0437\u0430 \u043b\u0456\u0447\u0435\u043d\u0456 \u0441\u0435\u043a\u0443\u043d\u0434\u0438<\/span><\/li>\n<\/ul>\n<p>[\/et_pb_text][et_pb_text _builder_version=&#8221;4.16&#8243; text_font=&#8221;Open Sans||||||||&#8221; text_text_color=&#8221;#444444&#8243; text_font_size=&#8221;18px&#8221; text_line_height=&#8221;1.8em&#8221; header_font=&#8221;Montserrat|300|||||||&#8221; header_text_color=&#8221;#444444&#8243; header_font_size=&#8221;44px&#8221; header_line_height=&#8221;1.3em&#8221; header_2_font=&#8221;||||||||&#8221; header_3_font=&#8221;||||||||&#8221; header_4_font=&#8221;||||||||&#8221; background_layout=&#8221;dark&#8221; custom_margin=&#8221;||0px|||&#8221; custom_padding=&#8221;||0px|||&#8221; header_font_size_tablet=&#8221;&#8221; header_font_size_phone=&#8221;33px&#8221; header_font_size_last_edited=&#8221;on|phone&#8221; global_colors_info=&#8221;{}&#8221;]<\/p>\n<h1 style=\"text-align: center;\">\u041a\u0456\u043c\u043d\u0430\u0442\u0430 \u0437\u043c\u0456\u0448\u0443\u0432\u0430\u043d\u043d\u044f \u0444\u0430\u0440\u0431<\/h1>\n<p>&nbsp;<\/p>\n<p>[\/et_pb_text][et_pb_text _builder_version=&#8221;4.16&#8243; text_font=&#8221;Open Sans||||||||&#8221; text_text_color=&#8221;#444444&#8243; text_font_size=&#8221;18px&#8221; text_line_height=&#8221;1.8em&#8221; header_font=&#8221;Montserrat|300|||||||&#8221; header_text_color=&#8221;#444444&#8243; header_font_size=&#8221;44px&#8221; header_line_height=&#8221;1.3em&#8221; header_2_font=&#8221;||||||||&#8221; header_3_font=&#8221;||||||||&#8221; header_4_font=&#8221;||||||||&#8221; background_layout=&#8221;dark&#8221; global_colors_info=&#8221;{}&#8221;]<\/p>\n<p style=\"text-align: center;\">\u0412\u0438\u0441\u043e\u043a\u0443 \u044f\u043a\u0456\u0441\u0442\u044c \u0437\u0430\u0431\u0435\u0437\u043f\u0435\u0447\u0443\u0454 \u043d\u0430\u0448\u0430 \u0437\u043c\u0456\u0448\u0443\u0432\u0430\u043b\u044c\u043d\u0430 \u043a\u0456\u043c\u043d\u0430\u0442\u0430, \u0437\u0430\u0432\u0434\u044f\u043a\u0438 \u044f\u043a\u0456\u0439 \u043c\u0438 \u043c\u043e\u0436\u0435\u043c\u043e \u0448\u0432\u0438\u0434\u043a\u043e \u0442\u0430 \u0442\u043e\u0447\u043d\u043e \u043f\u0456\u0434\u0433\u043e\u0442\u0443\u0432\u0430\u0442\u0438 \u043a\u043e\u0436\u0435\u043d \u043a\u043e\u043b\u0456\u0440. \u041c\u043e\u0436\u043b\u0438\u0432\u0456\u0441\u0442\u044c \u0442\u043e\u0447\u043d\u043e\u0433\u043e \u0456 \u043f\u043e\u0432\u0442\u043e\u0440\u044e\u0432\u0430\u043d\u043e\u0433\u043e \u043c\u043e\u0434\u0435\u043b\u044e\u0432\u0430\u043d\u043d\u044f \u0434\u0440\u0443\u043a\u0443 \u0437\u0430 \u0434\u043e\u043f\u043e\u043c\u043e\u0433\u043e\u044e \u043f\u0440\u0438\u0441\u0442\u0440\u043e\u044e <strong>IGT C1-5<\/strong> \u0435\u043a\u043e\u043d\u043e\u043c\u0438\u0442\u044c \u0434\u043e\u0440\u043e\u0433\u043e\u0446\u0456\u043d\u043d\u0438\u0439 \u0447\u0430\u0441 \u0456 \u0434\u043e\u0437\u0432\u043e\u043b\u044f\u0454 \u0443\u043d\u0438\u043a\u043d\u0443\u0442\u0438 \u043f\u0440\u043e\u0441\u0442\u043e\u044e \u043c\u0430\u0448\u0438\u043d\u0438.<\/p>\n<p>&nbsp;<\/p>\n<p>[\/et_pb_text][et_pb_image src=&#8221;https:\/\/top-pol.pl\/wp-content\/uploads\/2021\/06\/mieszalnia-farb-2.png&#8221; title_text=&#8221;mieszalnia farb 2&#8243; _builder_version=&#8221;4.16&#8243; _module_preset=&#8221;default&#8221; global_colors_info=&#8221;{}&#8221;][\/et_pb_image][\/et_pb_column][\/et_pb_row][\/et_pb_section]<\/p>\n","protected":false},"excerpt":{"rendered":"<p>Press &nbsp;\u041c\u0430\u0448\u0438\u043d\u0438 Heidelberg \u0437\u0430\u0432\u0436\u0434\u0438 \u0431\u0443\u043b\u0438 \u043d\u0435\u0437\u0430\u043c\u0456\u043d\u043d\u0438\u043c\u0438 \u0432 \u043f\u043e\u043b\u0456\u0433\u0440\u0430\u0444\u0456\u0457, \u0442\u043e\u043c\u0443, \u043f\u0440\u043e\u043f\u043e\u043d\u0443\u044e\u0447\u0438 \u043d\u0430\u0439\u0432\u0438\u0449\u0438\u0439 \u0440\u0456\u0432\u0435\u043d\u044c \u0434\u0440\u0443\u043a\u0443, \u043c\u0438 \u0432\u0438\u0440\u0456\u0448\u0438\u043b\u0438 \u0456\u043d\u0432\u0435\u0441\u0442\u0443\u0432\u0430\u0442\u0438 \u0432 \u043c\u0430\u0448\u0438\u043d\u0438 Speedmaster XL 75 UV LED. &nbsp;Speedmaster XL 75 8 \u043a\u043e\u043b\u044c\u043e\u0440\u0456\u0432, \u0434\u0440\u0443\u043a \u0434\u043e \u0444\u043e\u0440\u043c\u0430\u0442\u0443 B2 \u0448\u0432\u0438\u0434\u043a\u0435 \u043e\u0431\u0441\u043b\u0443\u0433\u043e\u0432\u0443\u0432\u0430\u043d\u043d\u044f \u0442\u0430 \u043f\u0456\u0434\u0442\u0440\u0438\u043c\u043a\u0430 \u0432\u0456\u0434 Heidelberg \u043d\u0430\u0439\u0432\u0438\u0449\u0430 \u044f\u043a\u0456\u0441\u0442\u044c \u0434\u0440\u0443\u043a\u0443 \u043c\u0438 \u0432\u0438\u043a\u043e\u0440\u0438\u0441\u0442\u043e\u0432\u0443\u0454\u043c\u043e \u0441\u0432\u0456\u0442\u043b\u043e\u0434\u0456\u043e\u0434\u043d\u0438\u0439 \u0443\u043b\u044c\u0442\u0440\u0430\u0444\u0456\u043e\u043b\u0435\u0442\u043e\u0432\u0438\u0439 \u0434\u0440\u0443\u043a \u0434\u043b\u044f \u0432\u0441\u0456\u0445 \u0442\u0438\u043f\u0456\u0432 \u0435\u0442\u0438\u043a\u0435\u0442\u043e\u043a Postpress &nbsp;Jeste\u015bmy w stanie wyci\u0105\u0107 [&hellip;]<\/p>\n","protected":false},"author":1,"featured_media":0,"parent":0,"menu_order":0,"comment_status":"closed","ping_status":"closed","template":"","meta":{"_et_pb_use_builder":"on","_et_pb_old_content":"","_et_gb_content_width":"","footnotes":""},"class_list":["post-13153","page","type-page","status-publish","hentry"],"_links":{"self":[{"href":"https:\/\/top-pol.pl\/uk\/wp-json\/wp\/v2\/pages\/13153","targetHints":{"allow":["GET"]}}],"collection":[{"href":"https:\/\/top-pol.pl\/uk\/wp-json\/wp\/v2\/pages"}],"about":[{"href":"https:\/\/top-pol.pl\/uk\/wp-json\/wp\/v2\/types\/page"}],"author":[{"embeddable":true,"href":"https:\/\/top-pol.pl\/uk\/wp-json\/wp\/v2\/users\/1"}],"replies":[{"embeddable":true,"href":"https:\/\/top-pol.pl\/uk\/wp-json\/wp\/v2\/comments?post=13153"}],"version-history":[{"count":6,"href":"https:\/\/top-pol.pl\/uk\/wp-json\/wp\/v2\/pages\/13153\/revisions"}],"predecessor-version":[{"id":13159,"href":"https:\/\/top-pol.pl\/uk\/wp-json\/wp\/v2\/pages\/13153\/revisions\/13159"}],"wp:attachment":[{"href":"https:\/\/top-pol.pl\/uk\/wp-json\/wp\/v2\/media?parent=13153"}],"curies":[{"name":"wp","href":"https:\/\/api.w.org\/{rel}","templated":true}]}}